{"id":552,"date":"2019-04-11T11:06:07","date_gmt":"2019-04-11T17:06:07","guid":{"rendered":"http:\/\/westenddiversresort.com\/sobre-nosotros\/"},"modified":"2024-08-17T11:07:54","modified_gmt":"2024-08-17T17:07:54","slug":"sobre-nosotros","status":"publish","type":"page","link":"https:\/\/roatanwestenddiveresort.com\/es\/sobre-nosotros\/","title":{"rendered":"Sobre Nosotros"},"content":{"rendered":"<p>[et_pb_section fb_built=\u00bb1&#8243; fullwidth=\u00bbon\u00bb _builder_version=\u00bb4.16&#8243; custom_padding=\u00bb0|0px|0|0px|false|false\u00bb locked=\u00bboff\u00bb global_colors_info=\u00bb{}\u00bb][et_pb_fullwidth_header text_orientation=\u00bbcenter\u00bb header_image_url=\u00bbhttp:\/\/westenddiversresort.com\/wp-content\/uploads\/2019\/04\/west-end-divers-resort-roatan-banner-image.jpg\u00bb _builder_version=\u00bb4.16&#8243; background_image=\u00bbhttps:\/\/roatanwestenddiveresort.com\/wp-content\/uploads\/2019\/04\/west-end-divers-resort-roatan-banner-background.jpg\u00bb custom_margin=\u00bb||\u00bb custom_padding=\u00bb0px||0px\u00bb z_index_tablet=\u00bb500&#8243; global_colors_info=\u00bb{}\u00bb][\/et_pb_fullwidth_header][\/et_pb_section][et_pb_section fb_built=\u00bb1&#8243; _builder_version=\u00bb4.16&#8243; custom_padding=\u00bb0|0px|54px|0px|false|false\u00bb global_colors_info=\u00bb{}\u00bb][et_pb_row _builder_version=\u00bb4.16&#8243; custom_padding=\u00bb58px|0px|25.1667px|0px|false|false\u00bb global_colors_info=\u00bb{}\u00bb][et_pb_column type=\u00bb4_4&#8243; _builder_version=\u00bb4.16&#8243; custom_padding=\u00bb|||\u00bb global_colors_info=\u00bb{}\u00bb custom_padding__hover=\u00bb|||\u00bb][et_pb_text _builder_version=\u00bb4.16&#8243; text_font=\u00bbABeeZee||||||||\u00bb header_font=\u00bbABeeZee||||||||\u00bb z_index_tablet=\u00bb500&#8243; global_colors_info=\u00bb{}\u00bb]<\/p>\n<h1 style=\"text-align: center;\">Sobre Nosotros<\/h1>\n<p>[\/et_pb_text][\/et_pb_column][\/et_pb_row][et_pb_row _builder_version=\u00bb4.16&#8243; background_size=\u00bbinitial\u00bb background_position=\u00bbtop_left\u00bb background_repeat=\u00bbrepeat\u00bb global_colors_info=\u00bb{}\u00bb][et_pb_column type=\u00bb4_4&#8243; _builder_version=\u00bb4.16&#8243; custom_padding=\u00bb|||\u00bb global_colors_info=\u00bb{}\u00bb custom_padding__hover=\u00bb|||\u00bb][et_pb_text _builder_version=\u00bb4.16&#8243; text_font=\u00bbABeeZee||||||||\u00bb text_font_size=\u00bb18px\u00bb text_orientation=\u00bbcenter\u00bb z_index_tablet=\u00bb500&#8243; global_colors_info=\u00bb{}\u00bb]<\/p>\n<p><strong>\u00a1BIENVENIDOS A NUESTRO LUGAR FAVORITO!<\/strong> <strong>West End Divers Resort<\/strong> se encuentra en la localidad mas popular de la isla de Roatan y a tan solo 2 minutos a pie de la playa. Nuestro hotel pertenece a la reconocida compa\u00f1\u00eda de hoteles y buceo <strong>Splash Inn Resorts<\/strong>. Splash Inn Resorts pone a disposici\u00f3n de l viajero 4 opciones a un precio medio para que todos puedan disfrutar de la isla con un buen nivel de calidad como nuestros clientes reflejan en sus comentarios. Te esperamos en Splash Inn Resorts:<\/p>\n<p>[\/et_pb_text][et_pb_image src=\u00bbhttps:\/\/roatanwestenddiveresort.com\/wp-content\/uploads\/2019\/04\/logo-splash-inn-resorts.png\u00bb url=\u00bbhttp:\/\/splashinnresorts.com\/\u00bb url_new_window=\u00bbon\u00bb align=\u00bbcenter\u00bb align_tablet=\u00bbcenter\u00bb align_phone=\u00bb\u00bb align_last_edited=\u00bbon|desktop\u00bb _builder_version=\u00bb4.16&#8243; custom_margin=\u00bb60px||\u00bb z_index_tablet=\u00bb500&#8243; global_colors_info=\u00bb{}\u00bb][\/et_pb_image][et_pb_image src=\u00bbhttps:\/\/roatanwestenddiveresort.com\/wp-content\/uploads\/2024\/08\/Logos-hoteles.jpg\u00bb alt=\u00bbLogos Splash Inn Resorts\u00bb title_text=\u00bbLogos-hoteles\u00bb align_tablet=\u00bbcenter\u00bb align_phone=\u00bb\u00bb align_last_edited=\u00bbon|desktop\u00bb _builder_version=\u00bb4.27.0&#8243; hover_enabled=\u00bb0&#8243; z_index_tablet=\u00bb500&#8243; global_colors_info=\u00bb{}\u00bb width=\u00bb84%\u00bb module_alignment=\u00bbcenter\u00bb sticky_enabled=\u00bb0&#8243; locked=\u00bboff\u00bb align=\u00bbcenter\u00bb][\/et_pb_image][\/et_pb_column][\/et_pb_row][\/et_pb_section]<\/p>\n","protected":false},"excerpt":{"rendered":"<p>Sobre Nosotros \u00a1BIENVENIDOS A NUESTRO LUGAR FAVORITO! West End Divers Resort se encuentra en la localidad mas popular de la isla de Roatan y a tan solo 2 minutos a pie de la playa. Nuestro hotel pertenece a la reconocida compa\u00f1\u00eda de hoteles y buceo Splash Inn Resorts. Splash Inn Resorts pone a disposici\u00f3n de l viajero 4 opciones a un precio medio para que todos puedan disfrutar de la isla con un buen nivel de calidad como nuestros clientes reflejan en sus comentarios. Te esperamos en Splash Inn Resorts:<\/p>\n","protected":false},"author":2,"featured_media":0,"parent":0,"menu_order":0,"comment_status":"closed","ping_status":"closed","template":"","meta":{"_et_pb_use_builder":"on","_et_pb_old_content":"","_et_gb_content_width":"","_joinchat":[],"footnotes":""},"class_list":["post-552","page","type-page","status-publish","hentry"],"yoast_head":"<!-- This site is optimized with the Yoast SEO plugin v27.4 - https:\/\/yoast.com\/product\/yoast-seo-wordpress\/ -->\n<title>Sobre Nosotros - West End Dive Resort<\/title>\n<meta name=\"robots\" content=\"index, follow, max-snippet:-1, max-image-preview:large, max-video-preview:-1\" \/>\n<link rel=\"canonical\" href=\"https:\/\/roatanwestenddiveresort.com\/es\/sobre-nosotros\/\" \/>\n<meta property=\"og:locale\" content=\"es_ES\" \/>\n<meta property=\"og:type\" content=\"article\" \/>\n<meta property=\"og:title\" content=\"Sobre Nosotros - West End Dive Resort\" \/>\n<meta property=\"og:description\" content=\"Sobre Nosotros \u00a1BIENVENIDOS A NUESTRO LUGAR FAVORITO! West End Divers Resort se encuentra en la localidad mas popular de la isla de Roatan y a tan solo 2 minutos a pie de la playa. Nuestro hotel pertenece a la reconocida compa\u00f1\u00eda de hoteles y buceo Splash Inn Resorts. Splash Inn Resorts pone a disposici\u00f3n de l viajero 4 opciones a un precio medio para que todos puedan disfrutar de la isla con un buen nivel de calidad como nuestros clientes reflejan en sus comentarios. Te esperamos en Splash Inn Resorts:\" \/>\n<meta property=\"og:url\" content=\"https:\/\/roatanwestenddiveresort.com\/es\/sobre-nosotros\/\" \/>\n<meta property=\"og:site_name\" content=\"West End Dive Resort\" \/>\n<meta property=\"article:modified_time\" content=\"2024-08-17T17:07:54+00:00\" \/>\n<meta name=\"twitter:card\" content=\"summary_large_image\" \/>\n<meta name=\"twitter:label1\" content=\"Tiempo de lectura\" \/>\n\t<meta name=\"twitter:data1\" content=\"2 minutos\" \/>\n<script type=\"application\/ld+json\" class=\"yoast-schema-graph\">{\"@context\":\"https:\\\/\\\/schema.org\",\"@graph\":[{\"@type\":\"WebPage\",\"@id\":\"https:\\\/\\\/roatanwestenddiveresort.com\\\/es\\\/sobre-nosotros\\\/\",\"url\":\"https:\\\/\\\/roatanwestenddiveresort.com\\\/es\\\/sobre-nosotros\\\/\",\"name\":\"Sobre Nosotros - West End Dive Resort\",\"isPartOf\":{\"@id\":\"https:\\\/\\\/roatanwestenddiveresort.com\\\/es\\\/#website\"},\"datePublished\":\"2019-04-11T17:06:07+00:00\",\"dateModified\":\"2024-08-17T17:07:54+00:00\",\"breadcrumb\":{\"@id\":\"https:\\\/\\\/roatanwestenddiveresort.com\\\/es\\\/sobre-nosotros\\\/#breadcrumb\"},\"inLanguage\":\"es\",\"potentialAction\":[{\"@type\":\"ReadAction\",\"target\":[\"https:\\\/\\\/roatanwestenddiveresort.com\\\/es\\\/sobre-nosotros\\\/\"]}]},{\"@type\":\"BreadcrumbList\",\"@id\":\"https:\\\/\\\/roatanwestenddiveresort.com\\\/es\\\/sobre-nosotros\\\/#breadcrumb\",\"itemListElement\":[{\"@type\":\"ListItem\",\"position\":1,\"name\":\"Home\",\"item\":\"https:\\\/\\\/roatanwestenddiveresort.com\\\/es\\\/\"},{\"@type\":\"ListItem\",\"position\":2,\"name\":\"Sobre Nosotros\"}]},{\"@type\":\"WebSite\",\"@id\":\"https:\\\/\\\/roatanwestenddiveresort.com\\\/es\\\/#website\",\"url\":\"https:\\\/\\\/roatanwestenddiveresort.com\\\/es\\\/\",\"name\":\"West End Dive Resort\",\"description\":\"Roatan, Bay Islands, Honduras\",\"potentialAction\":[{\"@type\":\"SearchAction\",\"target\":{\"@type\":\"EntryPoint\",\"urlTemplate\":\"https:\\\/\\\/roatanwestenddiveresort.com\\\/es\\\/?s={search_term_string}\"},\"query-input\":{\"@type\":\"PropertyValueSpecification\",\"valueRequired\":true,\"valueName\":\"search_term_string\"}}],\"inLanguage\":\"es\"}]}<\/script>\n<!-- \/ Yoast SEO plugin. -->","yoast_head_json":{"title":"Sobre Nosotros - West End Dive Resort","robots":{"index":"index","follow":"follow","max-snippet":"max-snippet:-1","max-image-preview":"max-image-preview:large","max-video-preview":"max-video-preview:-1"},"canonical":"https:\/\/roatanwestenddiveresort.com\/es\/sobre-nosotros\/","og_locale":"es_ES","og_type":"article","og_title":"Sobre Nosotros - West End Dive Resort","og_description":"Sobre Nosotros \u00a1BIENVENIDOS A NUESTRO LUGAR FAVORITO! West End Divers Resort se encuentra en la localidad mas popular de la isla de Roatan y a tan solo 2 minutos a pie de la playa. Nuestro hotel pertenece a la reconocida compa\u00f1\u00eda de hoteles y buceo Splash Inn Resorts. Splash Inn Resorts pone a disposici\u00f3n de l viajero 4 opciones a un precio medio para que todos puedan disfrutar de la isla con un buen nivel de calidad como nuestros clientes reflejan en sus comentarios. Te esperamos en Splash Inn Resorts:","og_url":"https:\/\/roatanwestenddiveresort.com\/es\/sobre-nosotros\/","og_site_name":"West End Dive Resort","article_modified_time":"2024-08-17T17:07:54+00:00","twitter_card":"summary_large_image","twitter_misc":{"Tiempo de lectura":"2 minutos"},"schema":{"@context":"https:\/\/schema.org","@graph":[{"@type":"WebPage","@id":"https:\/\/roatanwestenddiveresort.com\/es\/sobre-nosotros\/","url":"https:\/\/roatanwestenddiveresort.com\/es\/sobre-nosotros\/","name":"Sobre Nosotros - West End Dive Resort","isPartOf":{"@id":"https:\/\/roatanwestenddiveresort.com\/es\/#website"},"datePublished":"2019-04-11T17:06:07+00:00","dateModified":"2024-08-17T17:07:54+00:00","breadcrumb":{"@id":"https:\/\/roatanwestenddiveresort.com\/es\/sobre-nosotros\/#breadcrumb"},"inLanguage":"es","potentialAction":[{"@type":"ReadAction","target":["https:\/\/roatanwestenddiveresort.com\/es\/sobre-nosotros\/"]}]},{"@type":"BreadcrumbList","@id":"https:\/\/roatanwestenddiveresort.com\/es\/sobre-nosotros\/#breadcrumb","itemListElement":[{"@type":"ListItem","position":1,"name":"Home","item":"https:\/\/roatanwestenddiveresort.com\/es\/"},{"@type":"ListItem","position":2,"name":"Sobre Nosotros"}]},{"@type":"WebSite","@id":"https:\/\/roatanwestenddiveresort.com\/es\/#website","url":"https:\/\/roatanwestenddiveresort.com\/es\/","name":"West End Dive Resort","description":"Roatan, Bay Islands, Honduras","potentialAction":[{"@type":"SearchAction","target":{"@type":"EntryPoint","urlTemplate":"https:\/\/roatanwestenddiveresort.com\/es\/?s={search_term_string}"},"query-input":{"@type":"PropertyValueSpecification","valueRequired":true,"valueName":"search_term_string"}}],"inLanguage":"es"}]}},"_links":{"self":[{"href":"https:\/\/roatanwestenddiveresort.com\/es\/wp-json\/wp\/v2\/pages\/552","targetHints":{"allow":["GET"]}}],"collection":[{"href":"https:\/\/roatanwestenddiveresort.com\/es\/wp-json\/wp\/v2\/pages"}],"about":[{"href":"https:\/\/roatanwestenddiveresort.com\/es\/wp-json\/wp\/v2\/types\/page"}],"author":[{"embeddable":true,"href":"https:\/\/roatanwestenddiveresort.com\/es\/wp-json\/wp\/v2\/users\/2"}],"replies":[{"embeddable":true,"href":"https:\/\/roatanwestenddiveresort.com\/es\/wp-json\/wp\/v2\/comments?post=552"}],"version-history":[{"count":12,"href":"https:\/\/roatanwestenddiveresort.com\/es\/wp-json\/wp\/v2\/pages\/552\/revisions"}],"predecessor-version":[{"id":1351,"href":"https:\/\/roatanwestenddiveresort.com\/es\/wp-json\/wp\/v2\/pages\/552\/revisions\/1351"}],"wp:attachment":[{"href":"https:\/\/roatanwestenddiveresort.com\/es\/wp-json\/wp\/v2\/media?parent=552"}],"curies":[{"name":"wp","href":"https:\/\/api.w.org\/{rel}","templated":true}]}}