{"id":562,"date":"2019-04-11T11:20:25","date_gmt":"2019-04-11T17:20:25","guid":{"rendered":"http:\/\/westenddiversresort.com\/buceo\/cursos\/"},"modified":"2019-12-12T20:13:05","modified_gmt":"2019-12-13T02:13:05","slug":"cursos","status":"publish","type":"page","link":"https:\/\/roatanwestenddiveresort.com\/es\/buceo\/cursos\/","title":{"rendered":"Cursos"},"content":{"rendered":"<p>[et_pb_section fb_built=\u00bb1&#8243; fullwidth=\u00bbon\u00bb _builder_version=\u00bb3.22.3&#8243; custom_padding=\u00bb0|0px|26px|0px|false|false\u00bb][et_pb_fullwidth_header text_orientation=\u00bbcenter\u00bb header_image_url=\u00bbhttp:\/\/westenddiversresort.com\/wp-content\/uploads\/2019\/04\/west-end-divers-resort-roatan-banner-diving-image.jpg\u00bb _builder_version=\u00bb3.21.4&#8243; background_image=\u00bbhttp:\/\/westenddiversresort.com\/wp-content\/uploads\/2019\/04\/west-end-divers-resort-roatan-banner-background.jpg\u00bb custom_margin=\u00bb||\u00bb custom_padding=\u00bb0px||0px\u00bb z_index_tablet=\u00bb500&#8243;][\/et_pb_fullwidth_header][\/et_pb_section][et_pb_section fb_built=\u00bb1&#8243; _builder_version=\u00bb3.22.3&#8243; custom_padding=\u00bb0|0px|54px|0px|false|false\u00bb][et_pb_row _builder_version=\u00bb3.25&#8243;][et_pb_column type=\u00bb4_4&#8243; _builder_version=\u00bb3.25&#8243; custom_padding=\u00bb|||\u00bb custom_padding__hover=\u00bb|||\u00bb][et_pb_text _builder_version=\u00bb3.27.4&#8243; text_font=\u00bbABeeZee||||||||\u00bb header_font=\u00bbABeeZee||||||||\u00bb header_text_align=\u00bbcenter\u00bb z_index_tablet=\u00bb500&#8243;]<\/p>\n<h1>Cursos<\/h1>\n<p>[\/et_pb_text][\/et_pb_column][\/et_pb_row][et_pb_row use_custom_gutter=\u00bbon\u00bb gutter_width=\u00bb4&#8243; _builder_version=\u00bb3.25&#8243; background_size=\u00bbinitial\u00bb background_position=\u00bbtop_left\u00bb background_repeat=\u00bbrepeat\u00bb column_structure=\u00bb1_2,1_2&#8243;][et_pb_column type=\u00bb1_2&#8243; _builder_version=\u00bb3.25&#8243; custom_padding=\u00bb|||\u00bb custom_padding__hover=\u00bb|||\u00bb][et_pb_image src=\u00bbhttp:\/\/westenddiversresort.com\/wp-content\/uploads\/2019\/04\/west-end-divers-resort-splash-inn-dive-center.jpg\u00bb align_tablet=\u00bbcenter\u00bb align_last_edited=\u00bbon|desktop\u00bb _builder_version=\u00bb3.23&#8243; z_index_tablet=\u00bb500&#8243;][\/et_pb_image][et_pb_image src=\u00bbhttp:\/\/westenddiversresort.com\/wp-content\/uploads\/2019\/04\/west-end-divers-resort-splash-inn-dive-center-office.jpg\u00bb align_tablet=\u00bbcenter\u00bb align_last_edited=\u00bbon|desktop\u00bb _builder_version=\u00bb3.23&#8243; z_index_tablet=\u00bb500&#8243;][\/et_pb_image][\/et_pb_column][et_pb_column type=\u00bb1_2&#8243; _builder_version=\u00bb3.25&#8243; custom_padding=\u00bb|||\u00bb custom_padding__hover=\u00bb|||\u00bb][et_pb_blurb title=\u00bbNuestros Cursos\u00bb _builder_version=\u00bb3.22.2&#8243; header_level=\u00bbh5&#8243; header_font=\u00bbABeeZee|700|||||||\u00bb header_line_height=\u00bb1.5em\u00bb body_font=\u00bb||||||||\u00bb custom_padding=\u00bb||0px|||\u00bb z_index_tablet=\u00bb500&#8243;]Tanto si es su primera vez que bucea, como si ya es un buceador certificado, le brindamos todo el equipo necesario para mejorar su experiencia de buceo.<\/p>\n<p>Tenemos 3 botes de buceo (\u00a1r\u00e1pidos!), salones de clases para los estudiantes con aire acondicionado, una ducha caliente al aire libre y, por supuesto, instructores PADI experimentados para garantizar que usted tenga el mejor y m\u00e1s memorable momento de buceo en Roatan.<\/p>\n<p>Ofrecemos todos los cursos de Padi desde Open Water a Dive Master y IDC (Curso de buceo para instructores).<\/p>\n<p>Por favor, eche un vistazo a nuestra p\u00e1gina del Centro de Buceo si desea m\u00e1s informaci\u00f3n sobre nuestros cursos&#8230;[\/et_pb_blurb][et_pb_button button_url=\u00bbhttp:\/\/roatansplashinn.com\/es\/dives-and-dive-courses-2\/\u00bb url_new_window=\u00bbon\u00bb button_text=\u00bbL\u00e9a m\u00e1s sobre nuestros cursos\u00bb button_alignment=\u00bbright\u00bb _builder_version=\u00bb4.0.9&#8243; hover_enabled=\u00bb0&#8243; custom_button=\u00bbon\u00bb button_text_color=\u00bb#0c71c3&#8243;][\/et_pb_button][\/et_pb_column][\/et_pb_row][\/et_pb_section]<\/p>\n","protected":false},"excerpt":{"rendered":"<p>CursosTanto si es su primera vez que bucea, como si ya es un buceador certificado, le brindamos todo el equipo necesario para mejorar su experiencia de buceo. Tenemos 3 botes de buceo (\u00a1r\u00e1pidos!), salones de clases para los estudiantes con aire acondicionado, una ducha caliente al aire libre y, por supuesto, instructores PADI experimentados para garantizar que usted tenga el mejor y m\u00e1s memorable momento de buceo en Roatan. Ofrecemos todos los cursos de Padi desde Open Water a Dive Master y IDC (Curso de buceo para instructores). Por favor, eche un vistazo a nuestra p\u00e1gina del Centro de Buceo si desea m\u00e1s informaci\u00f3n sobre nuestros cursos&#8230;<\/p>\n","protected":false},"author":2,"featured_media":0,"parent":560,"menu_order":0,"comment_status":"closed","ping_status":"closed","template":"","meta":{"_et_pb_use_builder":"on","_et_pb_old_content":"","_et_gb_content_width":"","_joinchat":[],"footnotes":""},"class_list":["post-562","page","type-page","status-publish","hentry"],"yoast_head":"<!-- This site is optimized with the Yoast SEO plugin v27.4 - https:\/\/yoast.com\/product\/yoast-seo-wordpress\/ -->\n<title>Cursos - West End Dive Resort<\/title>\n<meta name=\"robots\" content=\"index, follow, max-snippet:-1, max-image-preview:large, max-video-preview:-1\" \/>\n<link rel=\"canonical\" href=\"https:\/\/roatanwestenddiveresort.com\/es\/buceo\/cursos\/\" \/>\n<meta property=\"og:locale\" content=\"es_ES\" \/>\n<meta property=\"og:type\" content=\"article\" \/>\n<meta property=\"og:title\" content=\"Cursos - West End Dive Resort\" \/>\n<meta property=\"og:description\" content=\"CursosTanto si es su primera vez que bucea, como si ya es un buceador certificado, le brindamos todo el equipo necesario para mejorar su experiencia de buceo. Tenemos 3 botes de buceo (\u00a1r\u00e1pidos!), salones de clases para los estudiantes con aire acondicionado, una ducha caliente al aire libre y, por supuesto, instructores PADI experimentados para garantizar que usted tenga el mejor y m\u00e1s memorable momento de buceo en Roatan. Ofrecemos todos los cursos de Padi desde Open Water a Dive Master y IDC (Curso de buceo para instructores). Por favor, eche un vistazo a nuestra p\u00e1gina del Centro de Buceo si desea m\u00e1s informaci\u00f3n sobre nuestros cursos...\" \/>\n<meta property=\"og:url\" content=\"https:\/\/roatanwestenddiveresort.com\/es\/buceo\/cursos\/\" \/>\n<meta property=\"og:site_name\" content=\"West End Dive Resort\" \/>\n<meta property=\"article:modified_time\" content=\"2019-12-13T02:13:05+00:00\" \/>\n<meta name=\"twitter:card\" content=\"summary_large_image\" \/>\n<meta name=\"twitter:label1\" content=\"Tiempo de lectura\" \/>\n\t<meta name=\"twitter:data1\" content=\"2 minutos\" \/>\n<script type=\"application\/ld+json\" class=\"yoast-schema-graph\">{\"@context\":\"https:\\\/\\\/schema.org\",\"@graph\":[{\"@type\":\"WebPage\",\"@id\":\"https:\\\/\\\/roatanwestenddiveresort.com\\\/es\\\/buceo\\\/cursos\\\/\",\"url\":\"https:\\\/\\\/roatanwestenddiveresort.com\\\/es\\\/buceo\\\/cursos\\\/\",\"name\":\"Cursos - West End Dive Resort\",\"isPartOf\":{\"@id\":\"https:\\\/\\\/roatanwestenddiveresort.com\\\/es\\\/#website\"},\"datePublished\":\"2019-04-11T17:20:25+00:00\",\"dateModified\":\"2019-12-13T02:13:05+00:00\",\"breadcrumb\":{\"@id\":\"https:\\\/\\\/roatanwestenddiveresort.com\\\/es\\\/buceo\\\/cursos\\\/#breadcrumb\"},\"inLanguage\":\"es\",\"potentialAction\":[{\"@type\":\"ReadAction\",\"target\":[\"https:\\\/\\\/roatanwestenddiveresort.com\\\/es\\\/buceo\\\/cursos\\\/\"]}]},{\"@type\":\"BreadcrumbList\",\"@id\":\"https:\\\/\\\/roatanwestenddiveresort.com\\\/es\\\/buceo\\\/cursos\\\/#breadcrumb\",\"itemListElement\":[{\"@type\":\"ListItem\",\"position\":1,\"name\":\"Home\",\"item\":\"https:\\\/\\\/roatanwestenddiveresort.com\\\/es\\\/\"},{\"@type\":\"ListItem\",\"position\":2,\"name\":\"Buceo\",\"item\":\"https:\\\/\\\/roatanwestenddiveresort.com\\\/es\\\/diving\\\/\"},{\"@type\":\"ListItem\",\"position\":3,\"name\":\"Cursos\"}]},{\"@type\":\"WebSite\",\"@id\":\"https:\\\/\\\/roatanwestenddiveresort.com\\\/es\\\/#website\",\"url\":\"https:\\\/\\\/roatanwestenddiveresort.com\\\/es\\\/\",\"name\":\"West End Dive Resort\",\"description\":\"Roatan, Bay Islands, Honduras\",\"potentialAction\":[{\"@type\":\"SearchAction\",\"target\":{\"@type\":\"EntryPoint\",\"urlTemplate\":\"https:\\\/\\\/roatanwestenddiveresort.com\\\/es\\\/?s={search_term_string}\"},\"query-input\":{\"@type\":\"PropertyValueSpecification\",\"valueRequired\":true,\"valueName\":\"search_term_string\"}}],\"inLanguage\":\"es\"}]}<\/script>\n<!-- \/ Yoast SEO plugin. -->","yoast_head_json":{"title":"Cursos - West End Dive Resort","robots":{"index":"index","follow":"follow","max-snippet":"max-snippet:-1","max-image-preview":"max-image-preview:large","max-video-preview":"max-video-preview:-1"},"canonical":"https:\/\/roatanwestenddiveresort.com\/es\/buceo\/cursos\/","og_locale":"es_ES","og_type":"article","og_title":"Cursos - West End Dive Resort","og_description":"CursosTanto si es su primera vez que bucea, como si ya es un buceador certificado, le brindamos todo el equipo necesario para mejorar su experiencia de buceo. Tenemos 3 botes de buceo (\u00a1r\u00e1pidos!), salones de clases para los estudiantes con aire acondicionado, una ducha caliente al aire libre y, por supuesto, instructores PADI experimentados para garantizar que usted tenga el mejor y m\u00e1s memorable momento de buceo en Roatan. Ofrecemos todos los cursos de Padi desde Open Water a Dive Master y IDC (Curso de buceo para instructores). Por favor, eche un vistazo a nuestra p\u00e1gina del Centro de Buceo si desea m\u00e1s informaci\u00f3n sobre nuestros cursos...","og_url":"https:\/\/roatanwestenddiveresort.com\/es\/buceo\/cursos\/","og_site_name":"West End Dive Resort","article_modified_time":"2019-12-13T02:13:05+00:00","twitter_card":"summary_large_image","twitter_misc":{"Tiempo de lectura":"2 minutos"},"schema":{"@context":"https:\/\/schema.org","@graph":[{"@type":"WebPage","@id":"https:\/\/roatanwestenddiveresort.com\/es\/buceo\/cursos\/","url":"https:\/\/roatanwestenddiveresort.com\/es\/buceo\/cursos\/","name":"Cursos - West End Dive Resort","isPartOf":{"@id":"https:\/\/roatanwestenddiveresort.com\/es\/#website"},"datePublished":"2019-04-11T17:20:25+00:00","dateModified":"2019-12-13T02:13:05+00:00","breadcrumb":{"@id":"https:\/\/roatanwestenddiveresort.com\/es\/buceo\/cursos\/#breadcrumb"},"inLanguage":"es","potentialAction":[{"@type":"ReadAction","target":["https:\/\/roatanwestenddiveresort.com\/es\/buceo\/cursos\/"]}]},{"@type":"BreadcrumbList","@id":"https:\/\/roatanwestenddiveresort.com\/es\/buceo\/cursos\/#breadcrumb","itemListElement":[{"@type":"ListItem","position":1,"name":"Home","item":"https:\/\/roatanwestenddiveresort.com\/es\/"},{"@type":"ListItem","position":2,"name":"Buceo","item":"https:\/\/roatanwestenddiveresort.com\/es\/diving\/"},{"@type":"ListItem","position":3,"name":"Cursos"}]},{"@type":"WebSite","@id":"https:\/\/roatanwestenddiveresort.com\/es\/#website","url":"https:\/\/roatanwestenddiveresort.com\/es\/","name":"West End Dive Resort","description":"Roatan, Bay Islands, Honduras","potentialAction":[{"@type":"SearchAction","target":{"@type":"EntryPoint","urlTemplate":"https:\/\/roatanwestenddiveresort.com\/es\/?s={search_term_string}"},"query-input":{"@type":"PropertyValueSpecification","valueRequired":true,"valueName":"search_term_string"}}],"inLanguage":"es"}]}},"_links":{"self":[{"href":"https:\/\/roatanwestenddiveresort.com\/es\/wp-json\/wp\/v2\/pages\/562","targetHints":{"allow":["GET"]}}],"collection":[{"href":"https:\/\/roatanwestenddiveresort.com\/es\/wp-json\/wp\/v2\/pages"}],"about":[{"href":"https:\/\/roatanwestenddiveresort.com\/es\/wp-json\/wp\/v2\/types\/page"}],"author":[{"embeddable":true,"href":"https:\/\/roatanwestenddiveresort.com\/es\/wp-json\/wp\/v2\/users\/2"}],"replies":[{"embeddable":true,"href":"https:\/\/roatanwestenddiveresort.com\/es\/wp-json\/wp\/v2\/comments?post=562"}],"version-history":[{"count":4,"href":"https:\/\/roatanwestenddiveresort.com\/es\/wp-json\/wp\/v2\/pages\/562\/revisions"}],"predecessor-version":[{"id":875,"href":"https:\/\/roatanwestenddiveresort.com\/es\/wp-json\/wp\/v2\/pages\/562\/revisions\/875"}],"up":[{"embeddable":true,"href":"https:\/\/roatanwestenddiveresort.com\/es\/wp-json\/wp\/v2\/pages\/560"}],"wp:attachment":[{"href":"https:\/\/roatanwestenddiveresort.com\/es\/wp-json\/wp\/v2\/media?parent=562"}],"curies":[{"name":"wp","href":"https:\/\/api.w.org\/{rel}","templated":true}]}}