{"id":566,"date":"2019-04-11T11:22:18","date_gmt":"2019-04-11T17:22:18","guid":{"rendered":"http:\/\/westenddiversresort.com\/buceo\/freediving\/"},"modified":"2021-12-26T09:57:45","modified_gmt":"2021-12-26T15:57:45","slug":"freediving","status":"publish","type":"page","link":"https:\/\/roatanwestenddiveresort.com\/es\/buceo\/freediving\/","title":{"rendered":"Freediving"},"content":{"rendered":"<p>[et_pb_section fb_built=\u00bb1&#8243; fullwidth=\u00bbon\u00bb _builder_version=\u00bb3.22.3&#8243; custom_padding=\u00bb0|0px|26px|0px|false|false\u00bb][et_pb_fullwidth_header text_orientation=\u00bbcenter\u00bb header_image_url=\u00bbhttp:\/\/westenddiversresort.com\/wp-content\/uploads\/2019\/04\/west-end-divers-resort-roatan-banner-diving-image.jpg\u00bb _builder_version=\u00bb3.21.4&#8243; background_image=\u00bbhttps:\/\/roatanwestenddiveresort.com\/wp-content\/uploads\/2019\/04\/west-end-divers-resort-roatan-banner-background.jpg\u00bb custom_margin=\u00bb||\u00bb custom_padding=\u00bb0px||0px\u00bb z_index_tablet=\u00bb500&#8243;][\/et_pb_fullwidth_header][\/et_pb_section][et_pb_section fb_built=\u00bb1&#8243; _builder_version=\u00bb3.22.3&#8243; custom_padding=\u00bb0|0px|54px|0px|false|false\u00bb][et_pb_row _builder_version=\u00bb3.22.3&#8243;][et_pb_column type=\u00bb4_4&#8243; _builder_version=\u00bb3.0.47&#8243;][et_pb_text _builder_version=\u00bb3.21.4&#8243; text_font=\u00bbABeeZee||||||||\u00bb header_font=\u00bbABeeZee||||||||\u00bb z_index_tablet=\u00bb500&#8243;]<\/p>\n<h1 style=\"text-align: center;\">Freediving<\/h1>\n<p>[\/et_pb_text][\/et_pb_column][\/et_pb_row][et_pb_row use_custom_gutter=\u00bbon\u00bb gutter_width=\u00bb4&#8243; _builder_version=\u00bb3.22.3&#8243; background_size=\u00bbinitial\u00bb background_position=\u00bbtop_left\u00bb background_repeat=\u00bbrepeat\u00bb][et_pb_column type=\u00bb1_2&#8243; _builder_version=\u00bb3.0.47&#8243;][et_pb_image src=\u00bbhttps:\/\/roatanwestenddiveresort.com\/wp-content\/uploads\/2019\/04\/west-end-divers-resort-roatan-freediving.jpg\u00bb _builder_version=\u00bb3.21.4&#8243; z_index_tablet=\u00bb500&#8243;][\/et_pb_image][\/et_pb_column][et_pb_column type=\u00bb1_2&#8243; _builder_version=\u00bb3.0.47&#8243;][et_pb_blurb title=\u00bbWest End Divers Resort abre sus puertas a Freedivers!\u00bb _builder_version=\u00bb3.22.7&#8243; header_level=\u00bbh5&#8243; header_font=\u00bbABeeZee|700|||||||\u00bb header_line_height=\u00bb1.5em\u00bb body_font=\u00bb||||||||\u00bb body_font_size=\u00bb16px\u00bb z_index_tablet=\u00bb500&#8243;]Roatan Freediving School and Training Center ofrece cursos de \u00abApnea Total\u00bb y \u00abPADI\u00bb desde principiantes hasta nivel Master con paquetes de alojamiento opcionales en nuestras habitaciones privadas y dormitorios.<\/p>\n<p>Nuestra gran piscina en el interior del complejo permite a los buceadores seguir entrenando incluso si las condiciones del mar no son tan buenas.<\/p>\n<p>Si desea obtener m\u00e1s informaci\u00f3n sobre nuestros paquetes de apnea, p\u00f3ngase en contacto con nosotros.<\/p>\n<p>Esteban Darhanp\u00e9, propietario de la escuela y organizador de la competencia anual de apnea de la Copa del Caribe, responder\u00e1 a sus preguntas y solicitudes.<br \/>\n[\/et_pb_blurb][et_pb_button button_url=\u00bbhttp:\/\/westenddiversresort.com\/es\/contactos\/?lang=es\u00bb button_text=\u00bbPida m\u00e1s info\u00bb button_alignment=\u00bbright\u00bb _builder_version=\u00bb3.21.4&#8243;][\/et_pb_button][\/et_pb_column][\/et_pb_row][\/et_pb_section]<\/p>\n","protected":false},"excerpt":{"rendered":"<p>FreedivingRoatan Freediving School and Training Center ofrece cursos de \u00abApnea Total\u00bb y \u00abPADI\u00bb desde principiantes hasta nivel Master con paquetes de alojamiento opcionales en nuestras habitaciones privadas y dormitorios. Nuestra gran piscina en el interior del complejo permite a los buceadores seguir entrenando incluso si las condiciones del mar no son tan buenas. Si desea obtener m\u00e1s informaci\u00f3n sobre nuestros paquetes de apnea, p\u00f3ngase en contacto con nosotros. Esteban Darhanp\u00e9, propietario de la escuela y organizador de la competencia anual de apnea de la Copa del Caribe, responder\u00e1 a sus preguntas y solicitudes.<\/p>\n","protected":false},"author":2,"featured_media":0,"parent":560,"menu_order":0,"comment_status":"closed","ping_status":"closed","template":"","meta":{"_et_pb_use_builder":"on","_et_pb_old_content":"","_et_gb_content_width":"","_joinchat":[],"footnotes":""},"class_list":["post-566","page","type-page","status-publish","hentry"],"yoast_head":"<!-- This site is optimized with the Yoast SEO plugin v27.4 - https:\/\/yoast.com\/product\/yoast-seo-wordpress\/ -->\n<title>Freediving - West End Dive Resort<\/title>\n<meta name=\"robots\" content=\"index, follow, max-snippet:-1, max-image-preview:large, max-video-preview:-1\" \/>\n<link rel=\"canonical\" href=\"https:\/\/roatanwestenddiveresort.com\/es\/buceo\/freediving\/\" \/>\n<meta property=\"og:locale\" content=\"es_ES\" \/>\n<meta property=\"og:type\" content=\"article\" \/>\n<meta property=\"og:title\" content=\"Freediving - West End Dive Resort\" \/>\n<meta property=\"og:description\" content=\"FreedivingRoatan Freediving School and Training Center ofrece cursos de &quot;Apnea Total&quot; y &quot;PADI&quot; desde principiantes hasta nivel Master con paquetes de alojamiento opcionales en nuestras habitaciones privadas y dormitorios. Nuestra gran piscina en el interior del complejo permite a los buceadores seguir entrenando incluso si las condiciones del mar no son tan buenas. Si desea obtener m\u00e1s informaci\u00f3n sobre nuestros paquetes de apnea, p\u00f3ngase en contacto con nosotros. Esteban Darhanp\u00e9, propietario de la escuela y organizador de la competencia anual de apnea de la Copa del Caribe, responder\u00e1 a sus preguntas y solicitudes.\" \/>\n<meta property=\"og:url\" content=\"https:\/\/roatanwestenddiveresort.com\/es\/buceo\/freediving\/\" \/>\n<meta property=\"og:site_name\" content=\"West End Dive Resort\" \/>\n<meta property=\"article:modified_time\" content=\"2021-12-26T15:57:45+00:00\" \/>\n<meta name=\"twitter:card\" content=\"summary_large_image\" \/>\n<meta name=\"twitter:label1\" content=\"Tiempo de lectura\" \/>\n\t<meta name=\"twitter:data1\" content=\"2 minutos\" \/>\n<script type=\"application\/ld+json\" class=\"yoast-schema-graph\">{\"@context\":\"https:\\\/\\\/schema.org\",\"@graph\":[{\"@type\":\"WebPage\",\"@id\":\"https:\\\/\\\/roatanwestenddiveresort.com\\\/es\\\/buceo\\\/freediving\\\/\",\"url\":\"https:\\\/\\\/roatanwestenddiveresort.com\\\/es\\\/buceo\\\/freediving\\\/\",\"name\":\"Freediving - West End Dive Resort\",\"isPartOf\":{\"@id\":\"https:\\\/\\\/roatanwestenddiveresort.com\\\/es\\\/#website\"},\"datePublished\":\"2019-04-11T17:22:18+00:00\",\"dateModified\":\"2021-12-26T15:57:45+00:00\",\"breadcrumb\":{\"@id\":\"https:\\\/\\\/roatanwestenddiveresort.com\\\/es\\\/buceo\\\/freediving\\\/#breadcrumb\"},\"inLanguage\":\"es\",\"potentialAction\":[{\"@type\":\"ReadAction\",\"target\":[\"https:\\\/\\\/roatanwestenddiveresort.com\\\/es\\\/buceo\\\/freediving\\\/\"]}]},{\"@type\":\"BreadcrumbList\",\"@id\":\"https:\\\/\\\/roatanwestenddiveresort.com\\\/es\\\/buceo\\\/freediving\\\/#breadcrumb\",\"itemListElement\":[{\"@type\":\"ListItem\",\"position\":1,\"name\":\"Home\",\"item\":\"https:\\\/\\\/roatanwestenddiveresort.com\\\/es\\\/\"},{\"@type\":\"ListItem\",\"position\":2,\"name\":\"Buceo\",\"item\":\"https:\\\/\\\/roatanwestenddiveresort.com\\\/es\\\/diving\\\/\"},{\"@type\":\"ListItem\",\"position\":3,\"name\":\"Freediving\"}]},{\"@type\":\"WebSite\",\"@id\":\"https:\\\/\\\/roatanwestenddiveresort.com\\\/es\\\/#website\",\"url\":\"https:\\\/\\\/roatanwestenddiveresort.com\\\/es\\\/\",\"name\":\"West End Dive Resort\",\"description\":\"Roatan, Bay Islands, Honduras\",\"potentialAction\":[{\"@type\":\"SearchAction\",\"target\":{\"@type\":\"EntryPoint\",\"urlTemplate\":\"https:\\\/\\\/roatanwestenddiveresort.com\\\/es\\\/?s={search_term_string}\"},\"query-input\":{\"@type\":\"PropertyValueSpecification\",\"valueRequired\":true,\"valueName\":\"search_term_string\"}}],\"inLanguage\":\"es\"}]}<\/script>\n<!-- \/ Yoast SEO plugin. -->","yoast_head_json":{"title":"Freediving - West End Dive Resort","robots":{"index":"index","follow":"follow","max-snippet":"max-snippet:-1","max-image-preview":"max-image-preview:large","max-video-preview":"max-video-preview:-1"},"canonical":"https:\/\/roatanwestenddiveresort.com\/es\/buceo\/freediving\/","og_locale":"es_ES","og_type":"article","og_title":"Freediving - West End Dive Resort","og_description":"FreedivingRoatan Freediving School and Training Center ofrece cursos de \"Apnea Total\" y \"PADI\" desde principiantes hasta nivel Master con paquetes de alojamiento opcionales en nuestras habitaciones privadas y dormitorios. Nuestra gran piscina en el interior del complejo permite a los buceadores seguir entrenando incluso si las condiciones del mar no son tan buenas. Si desea obtener m\u00e1s informaci\u00f3n sobre nuestros paquetes de apnea, p\u00f3ngase en contacto con nosotros. Esteban Darhanp\u00e9, propietario de la escuela y organizador de la competencia anual de apnea de la Copa del Caribe, responder\u00e1 a sus preguntas y solicitudes.","og_url":"https:\/\/roatanwestenddiveresort.com\/es\/buceo\/freediving\/","og_site_name":"West End Dive Resort","article_modified_time":"2021-12-26T15:57:45+00:00","twitter_card":"summary_large_image","twitter_misc":{"Tiempo de lectura":"2 minutos"},"schema":{"@context":"https:\/\/schema.org","@graph":[{"@type":"WebPage","@id":"https:\/\/roatanwestenddiveresort.com\/es\/buceo\/freediving\/","url":"https:\/\/roatanwestenddiveresort.com\/es\/buceo\/freediving\/","name":"Freediving - West End Dive Resort","isPartOf":{"@id":"https:\/\/roatanwestenddiveresort.com\/es\/#website"},"datePublished":"2019-04-11T17:22:18+00:00","dateModified":"2021-12-26T15:57:45+00:00","breadcrumb":{"@id":"https:\/\/roatanwestenddiveresort.com\/es\/buceo\/freediving\/#breadcrumb"},"inLanguage":"es","potentialAction":[{"@type":"ReadAction","target":["https:\/\/roatanwestenddiveresort.com\/es\/buceo\/freediving\/"]}]},{"@type":"BreadcrumbList","@id":"https:\/\/roatanwestenddiveresort.com\/es\/buceo\/freediving\/#breadcrumb","itemListElement":[{"@type":"ListItem","position":1,"name":"Home","item":"https:\/\/roatanwestenddiveresort.com\/es\/"},{"@type":"ListItem","position":2,"name":"Buceo","item":"https:\/\/roatanwestenddiveresort.com\/es\/diving\/"},{"@type":"ListItem","position":3,"name":"Freediving"}]},{"@type":"WebSite","@id":"https:\/\/roatanwestenddiveresort.com\/es\/#website","url":"https:\/\/roatanwestenddiveresort.com\/es\/","name":"West End Dive Resort","description":"Roatan, Bay Islands, Honduras","potentialAction":[{"@type":"SearchAction","target":{"@type":"EntryPoint","urlTemplate":"https:\/\/roatanwestenddiveresort.com\/es\/?s={search_term_string}"},"query-input":{"@type":"PropertyValueSpecification","valueRequired":true,"valueName":"search_term_string"}}],"inLanguage":"es"}]}},"_links":{"self":[{"href":"https:\/\/roatanwestenddiveresort.com\/es\/wp-json\/wp\/v2\/pages\/566","targetHints":{"allow":["GET"]}}],"collection":[{"href":"https:\/\/roatanwestenddiveresort.com\/es\/wp-json\/wp\/v2\/pages"}],"about":[{"href":"https:\/\/roatanwestenddiveresort.com\/es\/wp-json\/wp\/v2\/types\/page"}],"author":[{"embeddable":true,"href":"https:\/\/roatanwestenddiveresort.com\/es\/wp-json\/wp\/v2\/users\/2"}],"replies":[{"embeddable":true,"href":"https:\/\/roatanwestenddiveresort.com\/es\/wp-json\/wp\/v2\/comments?post=566"}],"version-history":[{"count":7,"href":"https:\/\/roatanwestenddiveresort.com\/es\/wp-json\/wp\/v2\/pages\/566\/revisions"}],"predecessor-version":[{"id":1067,"href":"https:\/\/roatanwestenddiveresort.com\/es\/wp-json\/wp\/v2\/pages\/566\/revisions\/1067"}],"up":[{"embeddable":true,"href":"https:\/\/roatanwestenddiveresort.com\/es\/wp-json\/wp\/v2\/pages\/560"}],"wp:attachment":[{"href":"https:\/\/roatanwestenddiveresort.com\/es\/wp-json\/wp\/v2\/media?parent=566"}],"curies":[{"name":"wp","href":"https:\/\/api.w.org\/{rel}","templated":true}]}}