{"id":568,"date":"2019-04-11T11:23:07","date_gmt":"2019-04-11T17:23:07","guid":{"rendered":"http:\/\/westenddiversresort.com\/buceo\/scuba-diving\/"},"modified":"2019-04-24T00:40:03","modified_gmt":"2019-04-24T06:40:03","slug":"scuba-diving","status":"publish","type":"page","link":"https:\/\/roatanwestenddiveresort.com\/es\/buceo\/scuba-diving\/","title":{"rendered":"Buceo"},"content":{"rendered":"<p>[et_pb_section fb_built=\u00bb1&#8243; fullwidth=\u00bbon\u00bb _builder_version=\u00bb3.22.3&#8243; custom_padding=\u00bb0|0px|26px|0px|false|false\u00bb][et_pb_fullwidth_header text_orientation=\u00bbcenter\u00bb header_image_url=\u00bbhttp:\/\/westenddiversresort.com\/wp-content\/uploads\/2019\/04\/west-end-divers-resort-roatan-banner-diving-image.jpg\u00bb _builder_version=\u00bb3.21.4&#8243; background_image=\u00bbhttp:\/\/westenddiversresort.com\/wp-content\/uploads\/2019\/04\/west-end-divers-resort-roatan-banner-background.jpg\u00bb custom_margin=\u00bb||\u00bb custom_padding=\u00bb0px||0px\u00bb z_index_tablet=\u00bb500&#8243;][\/et_pb_fullwidth_header][\/et_pb_section][et_pb_section fb_built=\u00bb1&#8243; _builder_version=\u00bb3.22.3&#8243; custom_padding=\u00bb0|0px|54px|0px|false|false\u00bb][et_pb_row _builder_version=\u00bb3.22.3&#8243;][et_pb_column type=\u00bb4_4&#8243; _builder_version=\u00bb3.0.47&#8243;][et_pb_text _builder_version=\u00bb3.22.3&#8243; text_font=\u00bbABeeZee||||||||\u00bb header_font=\u00bbABeeZee||||||||\u00bb box_shadow_position=\u00bbouter\u00bb z_index_tablet=\u00bb500&#8243; header_text_align=\u00bbcenter\u00bb]<\/p>\n<h1>Buceo<\/h1>\n<p>[\/et_pb_text][\/et_pb_column][\/et_pb_row][et_pb_row use_custom_gutter=\u00bbon\u00bb gutter_width=\u00bb4&#8243; _builder_version=\u00bb3.22.3&#8243; background_size=\u00bbinitial\u00bb background_position=\u00bbtop_left\u00bb background_repeat=\u00bbrepeat\u00bb][et_pb_column type=\u00bb1_2&#8243; _builder_version=\u00bb3.0.47&#8243;][et_pb_image src=\u00bbhttp:\/\/westenddiversresort.com\/wp-content\/uploads\/2019\/04\/west-end-divers-resort-splash-inn-dive-center-boat.jpg\u00bb _builder_version=\u00bb3.22.2&#8243; z_index_tablet=\u00bb500&#8243;][\/et_pb_image][et_pb_image src=\u00bbhttp:\/\/westenddiversresort.com\/wp-content\/uploads\/2019\/04\/west-end-divers-resort-splash-inn-dive-center-starting-scuba.jpg\u00bb _builder_version=\u00bb3.22.2&#8243; z_index_tablet=\u00bb500&#8243;][\/et_pb_image][\/et_pb_column][et_pb_column type=\u00bb1_2&#8243; _builder_version=\u00bb3.0.47&#8243;][et_pb_blurb _builder_version=\u00bb3.22.3&#8243; z_index_tablet=\u00bb500&#8243;]El arrecife mesoamericano es la segunda barrera de coral m\u00e1s grande del mundo. Estamos hablando de casi 900 kil\u00f3metros a trav\u00e9s del Caribe.<\/p>\n<p>Roat\u00e1n se encuentra en el extremo sur del arrecife, pero la proximidad de la isla lo convierte en un destino de buceo \u00fanico.<\/p>\n<p>Seg\u00fan el Parque Marino de Roatan, hay 40 sitios de buceo diferentes cerca de nuestra\u00a0escuela de buceo (Splash Inn), todos a los que se puede llegar en un tiempo m\u00e1ximo de\u00a010 minutos en barco.<\/p>\n<p>Nuestro centro de buceo de 5 estrellas est\u00e1 situado justo al lado de nuestro restaurante y muelle privado, lo que lo convierte en un lugar de f\u00e1cil acceso no solo para nuestros buceadores, sino tambi\u00e9n para los hu\u00e9spedes que quieran practicar el esn\u00f3rquel.<\/p>\n<p>Si desea saber m\u00e1s acerca de nuestra escuela de buceo y nuestros buceos haga <a href=\"http:\/\/roatansplashinn.com\/es\/dive\/\" target=\"_blank\" rel=\"noopener noreferrer\">click ac\u00e1<\/a>.[\/et_pb_blurb][\/et_pb_column][\/et_pb_row][\/et_pb_section]<\/p>\n","protected":false},"excerpt":{"rendered":"<p>Buceo El arrecife mesoamericano es la segunda barrera de coral m\u00e1s grande del mundo. Estamos hablando de casi 900 kil\u00f3metros a trav\u00e9s del Caribe. Roat\u00e1n se encuentra en el extremo sur del arrecife, pero la proximidad de la isla lo convierte en un destino de buceo \u00fanico. Seg\u00fan el Parque Marino de Roatan, hay 40 sitios de buceo diferentes cerca de nuestra\u00a0escuela de buceo (Splash Inn), todos a los que se puede llegar en un tiempo m\u00e1ximo de\u00a010 minutos en barco. Nuestro centro de buceo de 5 estrellas est\u00e1 situado justo al lado de nuestro restaurante y muelle privado, lo que lo convierte en un lugar de f\u00e1cil acceso no solo para nuestros buceadores, sino tambi\u00e9n para los hu\u00e9spedes que quieran practicar el esn\u00f3rquel. Si desea saber m\u00e1s acerca de nuestra escuela de buceo y nuestros buceos haga click ac\u00e1.<\/p>\n","protected":false},"author":2,"featured_media":0,"parent":560,"menu_order":0,"comment_status":"closed","ping_status":"closed","template":"","meta":{"_et_pb_use_builder":"on","_et_pb_old_content":"","_et_gb_content_width":"","_joinchat":[],"footnotes":""},"class_list":["post-568","page","type-page","status-publish","hentry"],"yoast_head":"<!-- This site is optimized with the Yoast SEO plugin v27.4 - https:\/\/yoast.com\/product\/yoast-seo-wordpress\/ -->\n<title>Buceo - West End Dive Resort<\/title>\n<meta name=\"robots\" content=\"index, follow, max-snippet:-1, max-image-preview:large, max-video-preview:-1\" \/>\n<link rel=\"canonical\" href=\"https:\/\/roatanwestenddiveresort.com\/es\/buceo\/scuba-diving\/\" \/>\n<meta property=\"og:locale\" content=\"es_ES\" \/>\n<meta property=\"og:type\" content=\"article\" \/>\n<meta property=\"og:title\" content=\"Buceo - West End Dive Resort\" \/>\n<meta property=\"og:description\" content=\"Buceo El arrecife mesoamericano es la segunda barrera de coral m\u00e1s grande del mundo. Estamos hablando de casi 900 kil\u00f3metros a trav\u00e9s del Caribe. Roat\u00e1n se encuentra en el extremo sur del arrecife, pero la proximidad de la isla lo convierte en un destino de buceo \u00fanico. Seg\u00fan el Parque Marino de Roatan, hay 40 sitios de buceo diferentes cerca de nuestra\u00a0escuela de buceo (Splash Inn), todos a los que se puede llegar en un tiempo m\u00e1ximo de\u00a010 minutos en barco. Nuestro centro de buceo de 5 estrellas est\u00e1 situado justo al lado de nuestro restaurante y muelle privado, lo que lo convierte en un lugar de f\u00e1cil acceso no solo para nuestros buceadores, sino tambi\u00e9n para los hu\u00e9spedes que quieran practicar el esn\u00f3rquel. Si desea saber m\u00e1s acerca de nuestra escuela de buceo y nuestros buceos haga click ac\u00e1.\" \/>\n<meta property=\"og:url\" content=\"https:\/\/roatanwestenddiveresort.com\/es\/buceo\/scuba-diving\/\" \/>\n<meta property=\"og:site_name\" content=\"West End Dive Resort\" \/>\n<meta property=\"article:modified_time\" content=\"2019-04-24T06:40:03+00:00\" \/>\n<meta name=\"twitter:card\" content=\"summary_large_image\" \/>\n<meta name=\"twitter:label1\" content=\"Tiempo de lectura\" \/>\n\t<meta name=\"twitter:data1\" content=\"2 minutos\" \/>\n<script type=\"application\/ld+json\" class=\"yoast-schema-graph\">{\"@context\":\"https:\\\/\\\/schema.org\",\"@graph\":[{\"@type\":\"WebPage\",\"@id\":\"https:\\\/\\\/roatanwestenddiveresort.com\\\/es\\\/buceo\\\/scuba-diving\\\/\",\"url\":\"https:\\\/\\\/roatanwestenddiveresort.com\\\/es\\\/buceo\\\/scuba-diving\\\/\",\"name\":\"Buceo - West End Dive Resort\",\"isPartOf\":{\"@id\":\"https:\\\/\\\/roatanwestenddiveresort.com\\\/es\\\/#website\"},\"datePublished\":\"2019-04-11T17:23:07+00:00\",\"dateModified\":\"2019-04-24T06:40:03+00:00\",\"breadcrumb\":{\"@id\":\"https:\\\/\\\/roatanwestenddiveresort.com\\\/es\\\/buceo\\\/scuba-diving\\\/#breadcrumb\"},\"inLanguage\":\"es\",\"potentialAction\":[{\"@type\":\"ReadAction\",\"target\":[\"https:\\\/\\\/roatanwestenddiveresort.com\\\/es\\\/buceo\\\/scuba-diving\\\/\"]}]},{\"@type\":\"BreadcrumbList\",\"@id\":\"https:\\\/\\\/roatanwestenddiveresort.com\\\/es\\\/buceo\\\/scuba-diving\\\/#breadcrumb\",\"itemListElement\":[{\"@type\":\"ListItem\",\"position\":1,\"name\":\"Home\",\"item\":\"https:\\\/\\\/roatanwestenddiveresort.com\\\/es\\\/\"},{\"@type\":\"ListItem\",\"position\":2,\"name\":\"Buceo\",\"item\":\"https:\\\/\\\/roatanwestenddiveresort.com\\\/es\\\/diving\\\/\"},{\"@type\":\"ListItem\",\"position\":3,\"name\":\"Buceo\"}]},{\"@type\":\"WebSite\",\"@id\":\"https:\\\/\\\/roatanwestenddiveresort.com\\\/es\\\/#website\",\"url\":\"https:\\\/\\\/roatanwestenddiveresort.com\\\/es\\\/\",\"name\":\"West End Dive Resort\",\"description\":\"Roatan, Bay Islands, Honduras\",\"potentialAction\":[{\"@type\":\"SearchAction\",\"target\":{\"@type\":\"EntryPoint\",\"urlTemplate\":\"https:\\\/\\\/roatanwestenddiveresort.com\\\/es\\\/?s={search_term_string}\"},\"query-input\":{\"@type\":\"PropertyValueSpecification\",\"valueRequired\":true,\"valueName\":\"search_term_string\"}}],\"inLanguage\":\"es\"}]}<\/script>\n<!-- \/ Yoast SEO plugin. -->","yoast_head_json":{"title":"Buceo - West End Dive Resort","robots":{"index":"index","follow":"follow","max-snippet":"max-snippet:-1","max-image-preview":"max-image-preview:large","max-video-preview":"max-video-preview:-1"},"canonical":"https:\/\/roatanwestenddiveresort.com\/es\/buceo\/scuba-diving\/","og_locale":"es_ES","og_type":"article","og_title":"Buceo - West End Dive Resort","og_description":"Buceo El arrecife mesoamericano es la segunda barrera de coral m\u00e1s grande del mundo. Estamos hablando de casi 900 kil\u00f3metros a trav\u00e9s del Caribe. Roat\u00e1n se encuentra en el extremo sur del arrecife, pero la proximidad de la isla lo convierte en un destino de buceo \u00fanico. Seg\u00fan el Parque Marino de Roatan, hay 40 sitios de buceo diferentes cerca de nuestra\u00a0escuela de buceo (Splash Inn), todos a los que se puede llegar en un tiempo m\u00e1ximo de\u00a010 minutos en barco. Nuestro centro de buceo de 5 estrellas est\u00e1 situado justo al lado de nuestro restaurante y muelle privado, lo que lo convierte en un lugar de f\u00e1cil acceso no solo para nuestros buceadores, sino tambi\u00e9n para los hu\u00e9spedes que quieran practicar el esn\u00f3rquel. Si desea saber m\u00e1s acerca de nuestra escuela de buceo y nuestros buceos haga click ac\u00e1.","og_url":"https:\/\/roatanwestenddiveresort.com\/es\/buceo\/scuba-diving\/","og_site_name":"West End Dive Resort","article_modified_time":"2019-04-24T06:40:03+00:00","twitter_card":"summary_large_image","twitter_misc":{"Tiempo de lectura":"2 minutos"},"schema":{"@context":"https:\/\/schema.org","@graph":[{"@type":"WebPage","@id":"https:\/\/roatanwestenddiveresort.com\/es\/buceo\/scuba-diving\/","url":"https:\/\/roatanwestenddiveresort.com\/es\/buceo\/scuba-diving\/","name":"Buceo - West End Dive Resort","isPartOf":{"@id":"https:\/\/roatanwestenddiveresort.com\/es\/#website"},"datePublished":"2019-04-11T17:23:07+00:00","dateModified":"2019-04-24T06:40:03+00:00","breadcrumb":{"@id":"https:\/\/roatanwestenddiveresort.com\/es\/buceo\/scuba-diving\/#breadcrumb"},"inLanguage":"es","potentialAction":[{"@type":"ReadAction","target":["https:\/\/roatanwestenddiveresort.com\/es\/buceo\/scuba-diving\/"]}]},{"@type":"BreadcrumbList","@id":"https:\/\/roatanwestenddiveresort.com\/es\/buceo\/scuba-diving\/#breadcrumb","itemListElement":[{"@type":"ListItem","position":1,"name":"Home","item":"https:\/\/roatanwestenddiveresort.com\/es\/"},{"@type":"ListItem","position":2,"name":"Buceo","item":"https:\/\/roatanwestenddiveresort.com\/es\/diving\/"},{"@type":"ListItem","position":3,"name":"Buceo"}]},{"@type":"WebSite","@id":"https:\/\/roatanwestenddiveresort.com\/es\/#website","url":"https:\/\/roatanwestenddiveresort.com\/es\/","name":"West End Dive Resort","description":"Roatan, Bay Islands, Honduras","potentialAction":[{"@type":"SearchAction","target":{"@type":"EntryPoint","urlTemplate":"https:\/\/roatanwestenddiveresort.com\/es\/?s={search_term_string}"},"query-input":{"@type":"PropertyValueSpecification","valueRequired":true,"valueName":"search_term_string"}}],"inLanguage":"es"}]}},"_links":{"self":[{"href":"https:\/\/roatanwestenddiveresort.com\/es\/wp-json\/wp\/v2\/pages\/568","targetHints":{"allow":["GET"]}}],"collection":[{"href":"https:\/\/roatanwestenddiveresort.com\/es\/wp-json\/wp\/v2\/pages"}],"about":[{"href":"https:\/\/roatanwestenddiveresort.com\/es\/wp-json\/wp\/v2\/types\/page"}],"author":[{"embeddable":true,"href":"https:\/\/roatanwestenddiveresort.com\/es\/wp-json\/wp\/v2\/users\/2"}],"replies":[{"embeddable":true,"href":"https:\/\/roatanwestenddiveresort.com\/es\/wp-json\/wp\/v2\/comments?post=568"}],"version-history":[{"count":8,"href":"https:\/\/roatanwestenddiveresort.com\/es\/wp-json\/wp\/v2\/pages\/568\/revisions"}],"predecessor-version":[{"id":769,"href":"https:\/\/roatanwestenddiveresort.com\/es\/wp-json\/wp\/v2\/pages\/568\/revisions\/769"}],"up":[{"embeddable":true,"href":"https:\/\/roatanwestenddiveresort.com\/es\/wp-json\/wp\/v2\/pages\/560"}],"wp:attachment":[{"href":"https:\/\/roatanwestenddiveresort.com\/es\/wp-json\/wp\/v2\/media?parent=568"}],"curies":[{"name":"wp","href":"https:\/\/api.w.org\/{rel}","templated":true}]}}