{"id":574,"date":"2019-04-11T11:25:05","date_gmt":"2019-04-11T17:25:05","guid":{"rendered":"http:\/\/westenddiversresort.com\/galeria\/"},"modified":"2024-07-25T09:54:29","modified_gmt":"2024-07-25T15:54:29","slug":"galeria","status":"publish","type":"page","link":"https:\/\/roatanwestenddiveresort.com\/es\/galeria\/","title":{"rendered":"Galer\u00eda"},"content":{"rendered":"<p>[et_pb_section fb_built=\u00bb1&#8243; fullwidth=\u00bbon\u00bb _builder_version=\u00bb4.16&#8243; custom_padding=\u00bb0|0px|0|0px|false|false\u00bb locked=\u00bboff\u00bb global_colors_info=\u00bb{}\u00bb][et_pb_fullwidth_header text_orientation=\u00bbcenter\u00bb header_image_url=\u00bbhttp:\/\/westenddiversresort.com\/wp-content\/uploads\/2019\/04\/west-end-divers-resort-roatan-banner-image.jpg\u00bb _builder_version=\u00bb4.16&#8243; background_image=\u00bbhttps:\/\/roatanwestenddiveresort.com\/wp-content\/uploads\/2019\/04\/west-end-divers-resort-roatan-banner-background.jpg\u00bb custom_margin=\u00bb||\u00bb custom_padding=\u00bb0px||0px\u00bb z_index_tablet=\u00bb500&#8243; global_colors_info=\u00bb{}\u00bb][\/et_pb_fullwidth_header][\/et_pb_section][et_pb_section fb_built=\u00bb1&#8243; prev_background_color=\u00bb#ffffff\u00bb _builder_version=\u00bb4.16&#8243; background_color=\u00bb#f2f2f2&#8243; custom_margin=\u00bb19px||\u00bb custom_padding=\u00bb38px|0px|0|0px|false|false\u00bb top_divider_style=\u00bbwaves2&#8243; z_index_tablet=\u00bb500&#8243; global_colors_info=\u00bb{}\u00bb][et_pb_row _builder_version=\u00bb4.16&#8243; custom_padding=\u00bb0|0px|25.1667px|0px|false|false\u00bb global_colors_info=\u00bb{}\u00bb][et_pb_column type=\u00bb4_4&#8243; _builder_version=\u00bb4.16&#8243; custom_padding=\u00bb|||\u00bb global_colors_info=\u00bb{}\u00bb custom_padding__hover=\u00bb|||\u00bb][et_pb_text _builder_version=\u00bb4.16&#8243; text_font=\u00bbABeeZee||||||||\u00bb header_font=\u00bbABeeZee||||||||\u00bb global_colors_info=\u00bb{}\u00bb]<\/p>\n<h1 style=\"text-align: center;\">Galer\u00eda<\/h1>\n<p>[\/et_pb_text][\/et_pb_column][\/et_pb_row][et_pb_row use_custom_gutter=\u00bbon\u00bb gutter_width=\u00bb2&#8243; _builder_version=\u00bb4.16&#8243; max_width=\u00bb80%\u00bb custom_padding=\u00bb8px|0px|27px|0px|false|false\u00bb use_custom_width=\u00bbon\u00bb width_unit=\u00bboff\u00bb global_colors_info=\u00bb{}\u00bb][et_pb_column type=\u00bb4_4&#8243; _builder_version=\u00bb4.16&#8243; custom_padding=\u00bb|||\u00bb global_colors_info=\u00bb{}\u00bb custom_padding__hover=\u00bb|||\u00bb][et_pb_text _builder_version=\u00bb4.16&#8243; text_font=\u00bbShadows Into Light Two|700|||||||\u00bb text_text_color=\u00bbrgba(15,130,188,0.75)\u00bb text_font_size=\u00bb28px\u00bb text_letter_spacing=\u00bb4px\u00bb link_font=\u00bb||||||||\u00bb ul_font=\u00bb||||||||\u00bb ol_font=\u00bb||||||||\u00bb quote_font=\u00bb||||||||\u00bb header_font=\u00bb||||||||\u00bb header_2_font=\u00bb||||||||\u00bb custom_margin=\u00bb||40px\u00bb global_colors_info=\u00bb{}\u00bb]<\/p>\n<p style=\"text-align: center;\">Unas fotos dicen m\u00e1s de un mill\u00f3n de palabras&#8230;<\/p>\n<p>[\/et_pb_text][et_pb_gallery gallery_ids=\u00bb1089,617,619,673,667,665,729,727,1198,1200,723,715,717,719,721,725&#8243; posts_number=\u00bb30&#8243; show_title_and_caption=\u00bboff\u00bb zoom_icon_color=\u00bbrgba(0,0,0,0)\u00bb hover_overlay_color=\u00bbrgba(0,0,0,0)\u00bb _builder_version=\u00bb4.27.0&#8243; title_level=\u00bbh6&#8243; title_font=\u00bb||||||||\u00bb caption_font=\u00bb||||||||\u00bb pagination_font=\u00bb||||||||\u00bb custom_margin=\u00bb||\u00bb hover_enabled=\u00bb0&#8243; border_radii_image=\u00bbon|14px|14px|14px|14px\u00bb global_module=\u00bb1206&#8243; global_colors_info=\u00bb{}\u00bb sticky_enabled=\u00bb0&#8243;]<\/p>\n<p>[\/et_pb_gallery][\/et_pb_column][\/et_pb_row][\/et_pb_section]<\/p>\n","protected":false},"excerpt":{"rendered":"<p>Galer\u00edaUnas fotos dicen m\u00e1s de un mill\u00f3n de palabras&#8230;<\/p>\n","protected":false},"author":2,"featured_media":0,"parent":0,"menu_order":0,"comment_status":"closed","ping_status":"closed","template":"","meta":{"_et_pb_use_builder":"on","_et_pb_old_content":"","_et_gb_content_width":"","_joinchat":[],"footnotes":""},"class_list":["post-574","page","type-page","status-publish","hentry"],"yoast_head":"<!-- This site is optimized with the Yoast SEO plugin v27.4 - https:\/\/yoast.com\/product\/yoast-seo-wordpress\/ -->\n<title>Galer\u00eda - West End Dive Resort<\/title>\n<meta name=\"robots\" content=\"index, follow, max-snippet:-1, max-image-preview:large, max-video-preview:-1\" \/>\n<link rel=\"canonical\" href=\"https:\/\/roatanwestenddiveresort.com\/es\/galeria\/\" \/>\n<meta property=\"og:locale\" content=\"es_ES\" \/>\n<meta property=\"og:type\" content=\"article\" \/>\n<meta property=\"og:title\" content=\"Galer\u00eda - West End Dive Resort\" \/>\n<meta property=\"og:description\" content=\"Galer\u00edaUnas fotos dicen m\u00e1s de un mill\u00f3n de palabras...\" \/>\n<meta property=\"og:url\" content=\"https:\/\/roatanwestenddiveresort.com\/es\/galeria\/\" \/>\n<meta property=\"og:site_name\" content=\"West End Dive Resort\" \/>\n<meta property=\"article:modified_time\" content=\"2024-07-25T15:54:29+00:00\" \/>\n<meta name=\"twitter:card\" content=\"summary_large_image\" \/>\n<meta name=\"twitter:label1\" content=\"Tiempo de lectura\" \/>\n\t<meta name=\"twitter:data1\" content=\"2 minutos\" \/>\n<script type=\"application\/ld+json\" class=\"yoast-schema-graph\">{\"@context\":\"https:\\\/\\\/schema.org\",\"@graph\":[{\"@type\":\"WebPage\",\"@id\":\"https:\\\/\\\/roatanwestenddiveresort.com\\\/es\\\/galeria\\\/\",\"url\":\"https:\\\/\\\/roatanwestenddiveresort.com\\\/es\\\/galeria\\\/\",\"name\":\"Galer\u00eda - West End Dive Resort\",\"isPartOf\":{\"@id\":\"https:\\\/\\\/roatanwestenddiveresort.com\\\/es\\\/#website\"},\"datePublished\":\"2019-04-11T17:25:05+00:00\",\"dateModified\":\"2024-07-25T15:54:29+00:00\",\"breadcrumb\":{\"@id\":\"https:\\\/\\\/roatanwestenddiveresort.com\\\/es\\\/galeria\\\/#breadcrumb\"},\"inLanguage\":\"es\",\"potentialAction\":[{\"@type\":\"ReadAction\",\"target\":[\"https:\\\/\\\/roatanwestenddiveresort.com\\\/es\\\/galeria\\\/\"]}]},{\"@type\":\"BreadcrumbList\",\"@id\":\"https:\\\/\\\/roatanwestenddiveresort.com\\\/es\\\/galeria\\\/#breadcrumb\",\"itemListElement\":[{\"@type\":\"ListItem\",\"position\":1,\"name\":\"Home\",\"item\":\"https:\\\/\\\/roatanwestenddiveresort.com\\\/es\\\/\"},{\"@type\":\"ListItem\",\"position\":2,\"name\":\"Galer\u00eda\"}]},{\"@type\":\"WebSite\",\"@id\":\"https:\\\/\\\/roatanwestenddiveresort.com\\\/es\\\/#website\",\"url\":\"https:\\\/\\\/roatanwestenddiveresort.com\\\/es\\\/\",\"name\":\"West End Dive Resort\",\"description\":\"Roatan, Bay Islands, Honduras\",\"potentialAction\":[{\"@type\":\"SearchAction\",\"target\":{\"@type\":\"EntryPoint\",\"urlTemplate\":\"https:\\\/\\\/roatanwestenddiveresort.com\\\/es\\\/?s={search_term_string}\"},\"query-input\":{\"@type\":\"PropertyValueSpecification\",\"valueRequired\":true,\"valueName\":\"search_term_string\"}}],\"inLanguage\":\"es\"}]}<\/script>\n<!-- \/ Yoast SEO plugin. -->","yoast_head_json":{"title":"Galer\u00eda - West End Dive Resort","robots":{"index":"index","follow":"follow","max-snippet":"max-snippet:-1","max-image-preview":"max-image-preview:large","max-video-preview":"max-video-preview:-1"},"canonical":"https:\/\/roatanwestenddiveresort.com\/es\/galeria\/","og_locale":"es_ES","og_type":"article","og_title":"Galer\u00eda - West End Dive Resort","og_description":"Galer\u00edaUnas fotos dicen m\u00e1s de un mill\u00f3n de palabras...","og_url":"https:\/\/roatanwestenddiveresort.com\/es\/galeria\/","og_site_name":"West End Dive Resort","article_modified_time":"2024-07-25T15:54:29+00:00","twitter_card":"summary_large_image","twitter_misc":{"Tiempo de lectura":"2 minutos"},"schema":{"@context":"https:\/\/schema.org","@graph":[{"@type":"WebPage","@id":"https:\/\/roatanwestenddiveresort.com\/es\/galeria\/","url":"https:\/\/roatanwestenddiveresort.com\/es\/galeria\/","name":"Galer\u00eda - West End Dive Resort","isPartOf":{"@id":"https:\/\/roatanwestenddiveresort.com\/es\/#website"},"datePublished":"2019-04-11T17:25:05+00:00","dateModified":"2024-07-25T15:54:29+00:00","breadcrumb":{"@id":"https:\/\/roatanwestenddiveresort.com\/es\/galeria\/#breadcrumb"},"inLanguage":"es","potentialAction":[{"@type":"ReadAction","target":["https:\/\/roatanwestenddiveresort.com\/es\/galeria\/"]}]},{"@type":"BreadcrumbList","@id":"https:\/\/roatanwestenddiveresort.com\/es\/galeria\/#breadcrumb","itemListElement":[{"@type":"ListItem","position":1,"name":"Home","item":"https:\/\/roatanwestenddiveresort.com\/es\/"},{"@type":"ListItem","position":2,"name":"Galer\u00eda"}]},{"@type":"WebSite","@id":"https:\/\/roatanwestenddiveresort.com\/es\/#website","url":"https:\/\/roatanwestenddiveresort.com\/es\/","name":"West End Dive Resort","description":"Roatan, Bay Islands, Honduras","potentialAction":[{"@type":"SearchAction","target":{"@type":"EntryPoint","urlTemplate":"https:\/\/roatanwestenddiveresort.com\/es\/?s={search_term_string}"},"query-input":{"@type":"PropertyValueSpecification","valueRequired":true,"valueName":"search_term_string"}}],"inLanguage":"es"}]}},"_links":{"self":[{"href":"https:\/\/roatanwestenddiveresort.com\/es\/wp-json\/wp\/v2\/pages\/574","targetHints":{"allow":["GET"]}}],"collection":[{"href":"https:\/\/roatanwestenddiveresort.com\/es\/wp-json\/wp\/v2\/pages"}],"about":[{"href":"https:\/\/roatanwestenddiveresort.com\/es\/wp-json\/wp\/v2\/types\/page"}],"author":[{"embeddable":true,"href":"https:\/\/roatanwestenddiveresort.com\/es\/wp-json\/wp\/v2\/users\/2"}],"replies":[{"embeddable":true,"href":"https:\/\/roatanwestenddiveresort.com\/es\/wp-json\/wp\/v2\/comments?post=574"}],"version-history":[{"count":7,"href":"https:\/\/roatanwestenddiveresort.com\/es\/wp-json\/wp\/v2\/pages\/574\/revisions"}],"predecessor-version":[{"id":1318,"href":"https:\/\/roatanwestenddiveresort.com\/es\/wp-json\/wp\/v2\/pages\/574\/revisions\/1318"}],"wp:attachment":[{"href":"https:\/\/roatanwestenddiveresort.com\/es\/wp-json\/wp\/v2\/media?parent=574"}],"curies":[{"name":"wp","href":"https:\/\/api.w.org\/{rel}","templated":true}]}}