{"id":576,"date":"2019-04-11T11:46:09","date_gmt":"2019-04-11T17:46:09","guid":{"rendered":"http:\/\/westenddiversresort.com\/inicio\/"},"modified":"2025-09-09T12:31:45","modified_gmt":"2025-09-09T18:31:45","slug":"inicio","status":"publish","type":"page","link":"https:\/\/roatanwestenddiveresort.com\/es\/","title":{"rendered":"Inicio"},"content":{"rendered":"<p>[et_pb_section fb_built=\u00bb1&#8243; fullwidth=\u00bbon\u00bb _builder_version=\u00bb4.16&#8243; custom_padding=\u00bb0px|0px|0|0px|false|false\u00bb global_colors_info=\u00bb{}\u00bb][et_pb_fullwidth_slider module_class=\u00bbet_fullscreen_slider\u00bb _builder_version=\u00bb4.16&#8243; use_background_color_gradient=\u00bbon\u00bb background_color_gradient_stops=\u00bbrgba(50,251,255,0.56) 0%|#35cdfc 100%\u00bb background_color_gradient_start=\u00bbrgba(50,251,255,0.56)\u00bb background_color_gradient_end=\u00bb#35cdfc\u00bb auto=\u00bbon\u00bb auto_speed=\u00bb3000&#8243; z_index_tablet=\u00bb500&#8243; global_colors_info=\u00bb{}\u00bb][et_pb_slide use_bg_overlay=\u00bboff\u00bb use_text_overlay=\u00bboff\u00bb admin_title=\u00bbMain Slide\u00bb _builder_version=\u00bb4.16&#8243; background_image=\u00bbhttps:\/\/roatanwestenddiveresort.com\/wp-content\/uploads\/2019\/03\/west-end-divers-resort-roatan.jpg\u00bb background_enable_image=\u00bbon\u00bb button_on_hover=\u00bbon\u00bb global_colors_info=\u00bb{}\u00bb sticky_transition=\u00bbon\u00bb][\/et_pb_slide][et_pb_slide use_bg_overlay=\u00bboff\u00bb use_text_overlay=\u00bboff\u00bb admin_title=\u00bbMain Slide\u00bb _builder_version=\u00bb4.16&#8243; background_image=\u00bbhttps:\/\/roatanwestenddiveresort.com\/wp-content\/uploads\/2019\/03\/west-end-divers-resort-roatan-ocean-view.jpg\u00bb background_enable_image=\u00bbon\u00bb button_on_hover=\u00bbon\u00bb global_colors_info=\u00bb{}\u00bb sticky_transition=\u00bbon\u00bb][\/et_pb_slide][et_pb_slide use_bg_overlay=\u00bboff\u00bb use_text_overlay=\u00bboff\u00bb admin_title=\u00bbMain Slide\u00bb _builder_version=\u00bb4.16&#8243; background_image=\u00bbhttps:\/\/roatanwestenddiveresort.com\/wp-content\/uploads\/2019\/03\/west-end-divers-resort-roatan-swimming-pool-view.jpg\u00bb background_enable_image=\u00bbon\u00bb button_on_hover=\u00bbon\u00bb global_colors_info=\u00bb{}\u00bb sticky_transition=\u00bbon\u00bb][\/et_pb_slide][et_pb_slide use_bg_overlay=\u00bboff\u00bb use_text_overlay=\u00bboff\u00bb admin_title=\u00bbMain Slide\u00bb _builder_version=\u00bb4.16&#8243; background_image=\u00bbhttps:\/\/roatanwestenddiveresort.com\/wp-content\/uploads\/2019\/04\/west-end-divers-resort-roatan-diving-lesson.jpg\u00bb background_enable_image=\u00bbon\u00bb button_on_hover=\u00bbon\u00bb global_colors_info=\u00bb{}\u00bb sticky_transition=\u00bbon\u00bb][\/et_pb_slide][\/et_pb_fullwidth_slider][\/et_pb_section][et_pb_section fb_built=\u00bb1&#8243; _builder_version=\u00bb4.16&#8243; custom_padding=\u00bb40px|0px|44px|0px|false|false\u00bb z_index_tablet=\u00bb500&#8243; global_colors_info=\u00bb{}\u00bb][et_pb_row _builder_version=\u00bb4.16&#8243; background_size=\u00bbinitial\u00bb background_position=\u00bbtop_left\u00bb background_repeat=\u00bbrepeat\u00bb custom_padding=\u00bb27px|0px|0|0px|false|false\u00bb global_colors_info=\u00bb{}\u00bb][et_pb_column type=\u00bb4_4&#8243; _builder_version=\u00bb4.16&#8243; custom_padding=\u00bb|||\u00bb global_colors_info=\u00bb{}\u00bb custom_padding__hover=\u00bb|||\u00bb][et_pb_text _builder_version=\u00bb4.16&#8243; text_font=\u00bbABeeZee||||||||\u00bb text_font_size=\u00bb18px\u00bb header_font=\u00bbABeeZee|||||on|||\u00bb header_font_size=\u00bb44px\u00bb header_letter_spacing=\u00bb1px\u00bb header_line_height=\u00bb1.5em\u00bb text_orientation=\u00bbcenter\u00bb z_index_tablet=\u00bb500&#8243; global_colors_info=\u00bb{}\u00bb]<\/p>\n<h1 style=\"text-align: center;\">West End Dive Resort<\/h1>\n<p>West End Dive Resort se encuentra a 5 minutos a pie del centro de West End, un peque\u00f1o y encantador pueblo y frente a las cristalinas aguas azules de Half Moon Bay. Nuestro hotel est\u00e1 a tan solo 2 minutos a pie de la playa m\u00e1s cercana y cuenta con 2 piscinas, una grande para adultos y una peque\u00f1a para ni\u00f1os.<\/p>\n<p>Nuestro Centro de Buceo y escuela de ApneaPadi Dive Center (a 5 minutos a pie del hotel) ofrece 3 inmersiones diarias y todos los cursos desde Open Water a IDC (Instructor). Todas las habitaciones del hotel (privadas y compartidas) est\u00e1n completamente equipadas con wi-fi gratis, agua caliente, aire acondicionado y televisi\u00f3n por cable. Nuestro objetivo es que nuestros hu\u00e9spedes experimenten la isla con la mayor comodidad y disfruten de los mejores paquetes de buceo.<\/p>\n<p>[\/et_pb_text][\/et_pb_column][\/et_pb_row][\/et_pb_section][et_pb_section fb_built=\u00bb1&#8243; next_background_color=\u00bb#ffffff\u00bb _builder_version=\u00bb4.16&#8243; background_color=\u00bb#f9f9f9&#8243; use_background_color_gradient=\u00bbon\u00bb background_color_gradient_stops=\u00bb#ffffff 30%|rgba(0,117,70,0.22) 100%\u00bb background_color_gradient_start=\u00bb#ffffff\u00bb background_color_gradient_start_position=\u00bb30%\u00bb background_color_gradient_end=\u00bbrgba(0,117,70,0.22)\u00bb custom_margin=\u00bb-1px|||||\u00bb custom_padding=\u00bb38px|0px|97px|0px|false|false\u00bb bottom_divider_style=\u00bbwave2&#8243; bottom_divider_flip=\u00bbvertical|horizontal\u00bb z_index_tablet=\u00bb500&#8243; locked=\u00bboff\u00bb global_colors_info=\u00bb{}\u00bb][et_pb_row column_structure=\u00bb1_3,2_3&#8243; _builder_version=\u00bb4.16&#8243; background_size=\u00bbinitial\u00bb background_position=\u00bbtop_left\u00bb background_repeat=\u00bbrepeat\u00bb custom_padding=\u00bb0|0px|0|0px|false|false\u00bb global_colors_info=\u00bb{}\u00bb][et_pb_column type=\u00bb1_3&#8243; _builder_version=\u00bb4.16&#8243; custom_padding=\u00bb|||\u00bb global_colors_info=\u00bb{}\u00bb custom_padding__hover=\u00bb|||\u00bb][et_pb_image src=\u00bbhttps:\/\/westenddiversresort.com\/wp-content\/uploads\/2019\/04\/sticker-tripadvisor-n-1.jpg\u00bb align_tablet=\u00bbcenter\u00bb align_phone=\u00bb\u00bb align_last_edited=\u00bbon|desktop\u00bb _builder_version=\u00bb4.16&#8243; global_colors_info=\u00bb{}\u00bb][\/et_pb_image][et_pb_text _builder_version=\u00bb4.16&#8243; text_orientation=\u00bbcenter\u00bb z_index_tablet=\u00bb500&#8243; global_colors_info=\u00bb{}\u00bb]<\/p>\n<div id=\"TA_cdsscrollingravenarrow985\" class=\"TA_cdsscrollingravenarrow\">\n<ul id=\"qhxpSIDVG4IT\" class=\"TA_links u4TtoEpl3m9i\">\n<li id=\"DZE056\" class=\"PSYHuGy6Zaz\"><a href=\"https:\/\/www.tripadvisor.com\/\" target=\"_blank\" rel=\"noopener noreferrer\"><img decoding=\"async\" id=\"CDSWIDEXCLOGO\" class=\"widEXCIMG alignleft\" src=\"https:\/\/static.tacdn.com\/img2\/t4b\/Stacked_TA_logo.png\" alt=\"TripAdvisor\" \/><\/a><\/li>\n<\/ul>\n<\/div>\n<p><script async=\"\" src=\"https:\/\/www.jscache.com\/wejs?wtype=cdsscrollingravenarrow&amp;uniq=985&amp;locationId=558156&amp;lang=en_US&amp;border=true&amp;shadow=false&amp;backgroundColor=white&amp;display_version=2\" data-loadtrk=\"\" onload=\"this.loadtrk=true\"><\/script><br \/>\n[\/et_pb_text][et_pb_image src=\u00bbhttps:\/\/roatanwestenddiveresort.com\/wp-content\/uploads\/2020\/01\/hostel-world-n1.png\u00bb url=\u00bbhttps:\/\/www.hostelworld.com\/hosteldetails.php\/West-End-Dive-Resort\/Roatan\/296412?dateFrom=2020-10-01&#038;dateTo=2020-10-02&#038;number_of_guests=2&#038;sc_pos=2&#8243; url_new_window=\u00bbon\u00bb _builder_version=\u00bb4.16&#8243; global_colors_info=\u00bb{}\u00bb][\/et_pb_image][\/et_pb_column][et_pb_column type=\u00bb2_3&#8243; _builder_version=\u00bb4.16&#8243; custom_padding=\u00bb|||\u00bb global_colors_info=\u00bb{}\u00bb custom_padding__hover=\u00bb|||\u00bb][et_pb_video src=\u00bbhttps:\/\/www.youtube.com\/watch?v=YH0IJ4t8kGs\u00bb _builder_version=\u00bb4.24.0&#8243; z_index_tablet=\u00bb500&#8243; box_shadow_style=\u00bbpreset3&#8243; box_shadow_blur=\u00bb12px\u00bb box_shadow_color=\u00bbrgba(0,0,0,0.4)\u00bb global_colors_info=\u00bb{}\u00bb][\/et_pb_video][\/et_pb_column][\/et_pb_row][\/et_pb_section][et_pb_section fb_built=\u00bb1&#8243; _builder_version=\u00bb4.16&#8243; custom_padding=\u00bb42px|0px|22px|0px|false|false\u00bb global_colors_info=\u00bb{}\u00bb][et_pb_row column_structure=\u00bb1_4,1_4,1_4,1_4&#8243; use_custom_gutter=\u00bbon\u00bb gutter_width=\u00bb2&#8243; _builder_version=\u00bb4.16&#8243; custom_padding=\u00bb0|0px|27px|0px|false|false\u00bb z_index_tablet=\u00bb500&#8243; use_custom_width=\u00bbon\u00bb width_unit=\u00bboff\u00bb global_colors_info=\u00bb{}\u00bb][et_pb_column type=\u00bb1_4&#8243; _builder_version=\u00bb4.16&#8243; custom_padding=\u00bb|||\u00bb global_colors_info=\u00bb{}\u00bb custom_padding__hover=\u00bb|||\u00bb][et_pb_blurb title=\u00bbLa mejor ubicaci\u00f3n\u00bb image=\u00bbhttps:\/\/roatanwestenddiveresort.com\/wp-content\/uploads\/2019\/03\/west-end-divers-resort-aerial.jpg\u00bb _builder_version=\u00bb4.16&#8243; header_font=\u00bb|600|||||||\u00bb link_option_url=\u00bbhttps:\/\/maps.app.goo.gl\/?link=https:\/\/goo.gl\/maps\/6KEwuKSorGG2?utm_source%3Dapp-invite%26mt%3D8%26pt%3D9008%26utm_medium%3DSIMPLE%26utm_campaign%3Ds2e-ai%26ct%3Ds2e-ai&#038;apn=com.google.android.apps.maps&#038;amv=703000000&#038;isi=585027354&#038;ibi=com.google.Maps&#038;ius=comgooglemapsurl&#038;utm_source=app-invite&#038;mt=8&#038;pt=9008&#038;utm_medium=SIMPLE&#038;utm_campaign=s2e-ai&#038;ct=s2e-ai&#038;invitation_id=493454522602-05bb3be2-f043-4cbe-93a2-4bd81de1037a\u00bb link_option_url_new_window=\u00bbon\u00bb z_index_tablet=\u00bb500&#8243; global_colors_info=\u00bb{}\u00bb]West End es la zona animada de Roatan: Vida nocturna, restaurantes, tiendas&#8230; Nuestro hotel esta a un paseo de todo esto pero al mismo tiempo alejado para ofrecer tranquilidad.<br \/>\n[\/et_pb_blurb][\/et_pb_column][et_pb_column type=\u00bb1_4&#8243; _builder_version=\u00bb4.16&#8243; custom_padding=\u00bb|||\u00bb global_colors_info=\u00bb{}\u00bb custom_padding__hover=\u00bb|||\u00bb][et_pb_blurb title=\u00bbHabitaciones confortables \u00bb image=\u00bbhttps:\/\/roatanwestenddiveresort.com\/wp-content\/uploads\/2022\/11\/west-end-dive-resort-room-2022.jpg\u00bb _builder_version=\u00bb4.19.1&#8243; _dynamic_attributes=\u00bblink_option_url\u00bb header_font=\u00bb|600|||||||\u00bb link_option_url=\u00bb@ET-DC@eyJkeW5hbWljIjp0cnVlLCJjb250ZW50IjoicG9zdF9saW5rX3VybF9wYWdlIiwic2V0dGluZ3MiOnsicG9zdF9pZCI6IjU3OCJ9fQ==@\u00bb z_index_tablet=\u00bb500&#8243; global_colors_info=\u00bb{}\u00bb]<\/p>\n<p>Tanto las habitaciones privadas como las compartidas ofrecen c\u00f3modas camas matrimoniales para parejas o individuales, con aire acondicionado, televisi\u00f3n por cable, wi-fi gratis y ducha con agua caliente.<\/p>\n<p>[\/et_pb_blurb][\/et_pb_column][et_pb_column type=\u00bb1_4&#8243; _builder_version=\u00bb4.16&#8243; custom_padding=\u00bb|||\u00bb global_colors_info=\u00bb{}\u00bb custom_padding__hover=\u00bb|||\u00bb][et_pb_blurb title=\u00bbRestaurante\u00bb image=\u00bbhttps:\/\/roatanwestenddiveresort.com\/wp-content\/uploads\/2019\/03\/west-end-divers-resort-hot-breakfast.jpg\u00bb _builder_version=\u00bb4.21.0&#8243; header_font=\u00bb|600|||||||\u00bb z_index_tablet=\u00bb500&#8243; global_colors_info=\u00bb{}\u00bb]<\/p>\n<p>Nuestro restaurante est\u00e1 abierto todos los d\u00edas, ubicado a 5 minutos a pie del hotel, en el coraz\u00f3n de West End.<\/p>\n<p>[\/et_pb_blurb][\/et_pb_column][et_pb_column type=\u00bb1_4&#8243; _builder_version=\u00bb4.16&#8243; custom_padding=\u00bb|||\u00bb global_colors_info=\u00bb{}\u00bb custom_padding__hover=\u00bb|||\u00bb][et_pb_blurb title=\u00bbPaquete de Buceo\u00bb image=\u00bbhttps:\/\/roatanwestenddiveresort.com\/wp-content\/uploads\/2019\/03\/west-end-divers-resort-diving-padi-bubble-maker.jpg\u00bb _builder_version=\u00bb4.16&#8243; header_font=\u00bb|600|||||||\u00bb z_index_tablet=\u00bb500&#8243; global_colors_info=\u00bb{}\u00bb]Ofrecemos paquetes especiales de buceo y apnea para buzos certificados y estudiantes. Haga clic aqu\u00ed y\u2026 vamos al agua!<br \/>\n[\/et_pb_blurb][\/et_pb_column][\/et_pb_row][\/et_pb_section][et_pb_section fb_built=\u00bb1&#8243; _builder_version=\u00bb4.16&#8243; background_color=\u00bb#f9f9f9&#8243; custom_padding=\u00bb0|0px|54px|0px|false|false\u00bb z_index_tablet=\u00bb500&#8243; global_colors_info=\u00bb{}\u00bb][et_pb_row _builder_version=\u00bb4.16&#8243; global_colors_info=\u00bb{}\u00bb][et_pb_column type=\u00bb4_4&#8243; _builder_version=\u00bb4.16&#8243; custom_padding=\u00bb|||\u00bb global_colors_info=\u00bb{}\u00bb custom_padding__hover=\u00bb|||\u00bb][et_pb_text _builder_version=\u00bb4.16&#8243; text_font=\u00bbABeeZee||||||||\u00bb header_font=\u00bbABeeZee||||||||\u00bb global_colors_info=\u00bb{}\u00bb]<\/p>\n<h1 style=\"text-align: center;\">Servicios<\/h1>\n<p>[\/et_pb_text][\/et_pb_column][\/et_pb_row][et_pb_row column_structure=\u00bb1_4,1_4,1_4,1_4&#8243; _builder_version=\u00bb4.16&#8243; background_size=\u00bbinitial\u00bb background_position=\u00bbtop_left\u00bb background_repeat=\u00bbrepeat\u00bb global_colors_info=\u00bb{}\u00bb][et_pb_column type=\u00bb1_4&#8243; _builder_version=\u00bb4.16&#8243; custom_padding=\u00bb|||\u00bb global_colors_info=\u00bb{}\u00bb custom_padding__hover=\u00bb|||\u00bb][et_pb_blurb title=\u00bbExterior\u00bb use_icon=\u00bbon\u00bb font_icon=\u00bb&#xe603;||divi||400&#8243; icon_color=\u00bb#636363&#8243; icon_placement=\u00bbleft\u00bb _builder_version=\u00bb4.16&#8243; header_font=\u00bbABeeZee||||||||\u00bb body_font=\u00bbABeeZee||||||||\u00bb z_index_tablet=\u00bb500&#8243; global_colors_info=\u00bb{}\u00bb]Al aire libre<br \/>\nPiscina para adultos<br \/>\nPiscina para ni\u00f1os<br \/>\nTerraza<br \/>\nSol\u00e1rium<br \/>\nSeguridad 24h<br \/>\n[\/et_pb_blurb][\/et_pb_column][et_pb_column type=\u00bb1_4&#8243; _builder_version=\u00bb4.16&#8243; custom_padding=\u00bb|||\u00bb global_colors_info=\u00bb{}\u00bb custom_padding__hover=\u00bb|||\u00bb][et_pb_blurb title=\u00bbIncluido\u00bb use_icon=\u00bbon\u00bb font_icon=\u00bb&#x52;||divi||400&#8243; icon_color=\u00bb#636363&#8243; icon_placement=\u00bbleft\u00bb _builder_version=\u00bb4.21.0&#8243; header_font=\u00bbABeeZee||||||||\u00bb body_font=\u00bbABeeZee||||||||\u00bb z_index_tablet=\u00bb500&#8243; global_colors_info=\u00bb{}\u00bb]<\/p>\n<p>Aire acondicionado<br \/>Agua caliente<br \/>Estacionamiento<br \/>Toallas de playa<\/p>\n<p>[\/et_pb_blurb][\/et_pb_column][et_pb_column type=\u00bb1_4&#8243; _builder_version=\u00bb4.16&#8243; custom_padding=\u00bb|||\u00bb global_colors_info=\u00bb{}\u00bb custom_padding__hover=\u00bb|||\u00bb][et_pb_blurb title=\u00bbActividades\u00bb use_icon=\u00bbon\u00bb font_icon=\u00bb&#xe028;||divi||400&#8243; icon_color=\u00bb#636363&#8243; icon_placement=\u00bbleft\u00bb _builder_version=\u00bb4.16&#8243; header_font=\u00bbABeeZee||||||||\u00bb body_font=\u00bbABeeZee||||||||\u00bb z_index_tablet=\u00bb500&#8243; global_colors_info=\u00bb{}\u00bb]Buceo<br \/>\nApnea<br \/>\nPesca<br \/>\nPing Pong<br \/>\nPing Pong<br \/>\n[\/et_pb_blurb][\/et_pb_column][et_pb_column type=\u00bb1_4&#8243; _builder_version=\u00bb4.16&#8243; custom_padding=\u00bb|||\u00bb global_colors_info=\u00bb{}\u00bb custom_padding__hover=\u00bb|||\u00bb][et_pb_blurb title=\u00bbOtros\u00bb use_icon=\u00bbon\u00bb font_icon=\u00bb&#xe01e;||divi||400&#8243; icon_color=\u00bb#636363&#8243; icon_placement=\u00bbleft\u00bb _builder_version=\u00bb4.16&#8243; header_font=\u00bbABeeZee||||||||\u00bb body_font=\u00bbABeeZee||||||||\u00bb z_index_tablet=\u00bb500&#8243; global_colors_info=\u00bb{}\u00bb]Recepci\u00f3n (Splash Inn)<br \/>\nServicio de conserjer\u00eda<br \/>\nCambio de divisas<br \/>\nMuelle privado<br \/>\nNo se permiten mascotas<br \/>\n[\/et_pb_blurb][\/et_pb_column][\/et_pb_row][\/et_pb_section]<\/p>\n","protected":false},"excerpt":{"rendered":"<p>West End Dive Resort West End Dive Resort se encuentra a 5 minutos a pie del centro de West End, un peque\u00f1o y encantador pueblo y frente a las cristalinas aguas azules de Half Moon Bay. Nuestro hotel est\u00e1 a tan solo 2 minutos a pie de la playa m\u00e1s cercana y cuenta con 2 piscinas, una grande para adultos y una peque\u00f1a para ni\u00f1os. Nuestro Centro de Buceo y escuela de ApneaPadi Dive Center (a 5 minutos a pie del hotel) ofrece 3 inmersiones diarias y todos los cursos desde Open Water a IDC (Instructor). Todas las habitaciones del hotel (privadas y compartidas) est\u00e1n completamente equipadas con wi-fi gratis, agua caliente, aire acondicionado y televisi\u00f3n por cable. Nuestro objetivo es que nuestros hu\u00e9spedes experimenten la isla con la mayor comodidad y disfruten de los mejores paquetes de buceo. West End es la zona animada de Roatan: Vida nocturna, restaurantes, tiendas&#8230; Nuestro hotel esta a un paseo de todo esto pero al mismo tiempo alejado para ofrecer tranquilidad. Tanto las habitaciones privadas como las compartidas ofrecen c\u00f3modas camas matrimoniales para parejas o individuales, con aire acondicionado, televisi\u00f3n por cable, wi-fi gratis y ducha con agua caliente.Nuestro restaurante est\u00e1 abierto todos [&hellip;]<\/p>\n","protected":false},"author":2,"featured_media":0,"parent":0,"menu_order":0,"comment_status":"closed","ping_status":"closed","template":"","meta":{"_et_pb_use_builder":"on","_et_pb_old_content":"<!-- wp:paragraph -->\r\n<p>Home Page here<\/p>\r\n<!-- \/wp:paragraph -->","_et_gb_content_width":"","_joinchat":[],"footnotes":""},"class_list":["post-576","page","type-page","status-publish","hentry"],"yoast_head":"<!-- This site is optimized with the Yoast SEO plugin v27.4 - https:\/\/yoast.com\/product\/yoast-seo-wordpress\/ -->\n<title>West End Dive Resort Roatan- Hotel y Centro de Buceo<\/title>\n<meta name=\"description\" content=\"West End Dive Resort, Roatan. 2 minutos a pie de la playa, 2 piscinas, centro de buceo y escuela de apnea Padi Dive, wi-fi gratis, agua caliente, parqueo...\" \/>\n<meta name=\"robots\" content=\"index, follow, max-snippet:-1, max-image-preview:large, max-video-preview:-1\" \/>\n<link rel=\"canonical\" href=\"https:\/\/roatanwestenddiveresort.com\/es\/\" \/>\n<meta property=\"og:locale\" content=\"es_ES\" \/>\n<meta property=\"og:type\" content=\"article\" \/>\n<meta property=\"og:title\" content=\"West End Dive Resort Roatan- Hotel y Centro de Buceo\" \/>\n<meta property=\"og:description\" content=\"West End Dive Resort, Roatan. 2 minutos a pie de la playa, 2 piscinas, centro de buceo y escuela de apnea Padi Dive, wi-fi gratis, agua caliente, parqueo...\" \/>\n<meta property=\"og:url\" content=\"https:\/\/roatanwestenddiveresort.com\/es\/\" \/>\n<meta property=\"og:site_name\" content=\"West End Dive Resort\" \/>\n<meta property=\"article:modified_time\" content=\"2025-09-09T18:31:45+00:00\" \/>\n<meta property=\"og:image\" content=\"https:\/\/static.tacdn.com\/img2\/t4b\/Stacked_TA_logo.png\" \/>\n<meta name=\"twitter:card\" content=\"summary_large_image\" \/>\n<meta name=\"twitter:label1\" content=\"Tiempo de lectura\" \/>\n\t<meta name=\"twitter:data1\" content=\"8 minutos\" \/>\n<script type=\"application\/ld+json\" class=\"yoast-schema-graph\">{\"@context\":\"https:\\\/\\\/schema.org\",\"@graph\":[{\"@type\":\"WebPage\",\"@id\":\"https:\\\/\\\/roatanwestenddiveresort.com\\\/es\\\/\",\"url\":\"https:\\\/\\\/roatanwestenddiveresort.com\\\/es\\\/\",\"name\":\"West End Dive Resort Roatan- Hotel y Centro de Buceo\",\"isPartOf\":{\"@id\":\"https:\\\/\\\/roatanwestenddiveresort.com\\\/es\\\/#website\"},\"primaryImageOfPage\":{\"@id\":\"https:\\\/\\\/roatanwestenddiveresort.com\\\/es\\\/#primaryimage\"},\"image\":{\"@id\":\"https:\\\/\\\/roatanwestenddiveresort.com\\\/es\\\/#primaryimage\"},\"thumbnailUrl\":\"https:\\\/\\\/static.tacdn.com\\\/img2\\\/t4b\\\/Stacked_TA_logo.png\",\"datePublished\":\"2019-04-11T17:46:09+00:00\",\"dateModified\":\"2025-09-09T18:31:45+00:00\",\"description\":\"West End Dive Resort, Roatan. 2 minutos a pie de la playa, 2 piscinas, centro de buceo y escuela de apnea Padi Dive, wi-fi gratis, agua caliente, parqueo...\",\"breadcrumb\":{\"@id\":\"https:\\\/\\\/roatanwestenddiveresort.com\\\/es\\\/#breadcrumb\"},\"inLanguage\":\"es\",\"potentialAction\":[{\"@type\":\"ReadAction\",\"target\":[\"https:\\\/\\\/roatanwestenddiveresort.com\\\/es\\\/\"]}]},{\"@type\":\"ImageObject\",\"inLanguage\":\"es\",\"@id\":\"https:\\\/\\\/roatanwestenddiveresort.com\\\/es\\\/#primaryimage\",\"url\":\"https:\\\/\\\/static.tacdn.com\\\/img2\\\/t4b\\\/Stacked_TA_logo.png\",\"contentUrl\":\"https:\\\/\\\/static.tacdn.com\\\/img2\\\/t4b\\\/Stacked_TA_logo.png\"},{\"@type\":\"BreadcrumbList\",\"@id\":\"https:\\\/\\\/roatanwestenddiveresort.com\\\/es\\\/#breadcrumb\",\"itemListElement\":[{\"@type\":\"ListItem\",\"position\":1,\"name\":\"Home\",\"item\":\"https:\\\/\\\/roatanwestenddiveresort.com\\\/es\\\/\"},{\"@type\":\"ListItem\",\"position\":2,\"name\":\"Inicio\"}]},{\"@type\":\"WebSite\",\"@id\":\"https:\\\/\\\/roatanwestenddiveresort.com\\\/es\\\/#website\",\"url\":\"https:\\\/\\\/roatanwestenddiveresort.com\\\/es\\\/\",\"name\":\"West End Dive Resort\",\"description\":\"Roatan, Bay Islands, Honduras\",\"potentialAction\":[{\"@type\":\"SearchAction\",\"target\":{\"@type\":\"EntryPoint\",\"urlTemplate\":\"https:\\\/\\\/roatanwestenddiveresort.com\\\/es\\\/?s={search_term_string}\"},\"query-input\":{\"@type\":\"PropertyValueSpecification\",\"valueRequired\":true,\"valueName\":\"search_term_string\"}}],\"inLanguage\":\"es\"}]}<\/script>\n<!-- \/ Yoast SEO plugin. -->","yoast_head_json":{"title":"West End Dive Resort Roatan- Hotel y Centro de Buceo","description":"West End Dive Resort, Roatan. 2 minutos a pie de la playa, 2 piscinas, centro de buceo y escuela de apnea Padi Dive, wi-fi gratis, agua caliente, parqueo...","robots":{"index":"index","follow":"follow","max-snippet":"max-snippet:-1","max-image-preview":"max-image-preview:large","max-video-preview":"max-video-preview:-1"},"canonical":"https:\/\/roatanwestenddiveresort.com\/es\/","og_locale":"es_ES","og_type":"article","og_title":"West End Dive Resort Roatan- Hotel y Centro de Buceo","og_description":"West End Dive Resort, Roatan. 2 minutos a pie de la playa, 2 piscinas, centro de buceo y escuela de apnea Padi Dive, wi-fi gratis, agua caliente, parqueo...","og_url":"https:\/\/roatanwestenddiveresort.com\/es\/","og_site_name":"West End Dive Resort","article_modified_time":"2025-09-09T18:31:45+00:00","og_image":[{"url":"https:\/\/static.tacdn.com\/img2\/t4b\/Stacked_TA_logo.png","type":"","width":"","height":""}],"twitter_card":"summary_large_image","twitter_misc":{"Tiempo de lectura":"8 minutos"},"schema":{"@context":"https:\/\/schema.org","@graph":[{"@type":"WebPage","@id":"https:\/\/roatanwestenddiveresort.com\/es\/","url":"https:\/\/roatanwestenddiveresort.com\/es\/","name":"West End Dive Resort Roatan- Hotel y Centro de Buceo","isPartOf":{"@id":"https:\/\/roatanwestenddiveresort.com\/es\/#website"},"primaryImageOfPage":{"@id":"https:\/\/roatanwestenddiveresort.com\/es\/#primaryimage"},"image":{"@id":"https:\/\/roatanwestenddiveresort.com\/es\/#primaryimage"},"thumbnailUrl":"https:\/\/static.tacdn.com\/img2\/t4b\/Stacked_TA_logo.png","datePublished":"2019-04-11T17:46:09+00:00","dateModified":"2025-09-09T18:31:45+00:00","description":"West End Dive Resort, Roatan. 2 minutos a pie de la playa, 2 piscinas, centro de buceo y escuela de apnea Padi Dive, wi-fi gratis, agua caliente, parqueo...","breadcrumb":{"@id":"https:\/\/roatanwestenddiveresort.com\/es\/#breadcrumb"},"inLanguage":"es","potentialAction":[{"@type":"ReadAction","target":["https:\/\/roatanwestenddiveresort.com\/es\/"]}]},{"@type":"ImageObject","inLanguage":"es","@id":"https:\/\/roatanwestenddiveresort.com\/es\/#primaryimage","url":"https:\/\/static.tacdn.com\/img2\/t4b\/Stacked_TA_logo.png","contentUrl":"https:\/\/static.tacdn.com\/img2\/t4b\/Stacked_TA_logo.png"},{"@type":"BreadcrumbList","@id":"https:\/\/roatanwestenddiveresort.com\/es\/#breadcrumb","itemListElement":[{"@type":"ListItem","position":1,"name":"Home","item":"https:\/\/roatanwestenddiveresort.com\/es\/"},{"@type":"ListItem","position":2,"name":"Inicio"}]},{"@type":"WebSite","@id":"https:\/\/roatanwestenddiveresort.com\/es\/#website","url":"https:\/\/roatanwestenddiveresort.com\/es\/","name":"West End Dive Resort","description":"Roatan, Bay Islands, Honduras","potentialAction":[{"@type":"SearchAction","target":{"@type":"EntryPoint","urlTemplate":"https:\/\/roatanwestenddiveresort.com\/es\/?s={search_term_string}"},"query-input":{"@type":"PropertyValueSpecification","valueRequired":true,"valueName":"search_term_string"}}],"inLanguage":"es"}]}},"_links":{"self":[{"href":"https:\/\/roatanwestenddiveresort.com\/es\/wp-json\/wp\/v2\/pages\/576","targetHints":{"allow":["GET"]}}],"collection":[{"href":"https:\/\/roatanwestenddiveresort.com\/es\/wp-json\/wp\/v2\/pages"}],"about":[{"href":"https:\/\/roatanwestenddiveresort.com\/es\/wp-json\/wp\/v2\/types\/page"}],"author":[{"embeddable":true,"href":"https:\/\/roatanwestenddiveresort.com\/es\/wp-json\/wp\/v2\/users\/2"}],"replies":[{"embeddable":true,"href":"https:\/\/roatanwestenddiveresort.com\/es\/wp-json\/wp\/v2\/comments?post=576"}],"version-history":[{"count":23,"href":"https:\/\/roatanwestenddiveresort.com\/es\/wp-json\/wp\/v2\/pages\/576\/revisions"}],"predecessor-version":[{"id":1429,"href":"https:\/\/roatanwestenddiveresort.com\/es\/wp-json\/wp\/v2\/pages\/576\/revisions\/1429"}],"wp:attachment":[{"href":"https:\/\/roatanwestenddiveresort.com\/es\/wp-json\/wp\/v2\/media?parent=576"}],"curies":[{"name":"wp","href":"https:\/\/api.w.org\/{rel}","templated":true}]}}