{"id":584,"date":"2019-04-11T11:51:55","date_gmt":"2019-04-11T17:51:55","guid":{"rendered":"http:\/\/westenddiversresort.com\/habitaciones\/habitaciones-privadas\/"},"modified":"2025-09-09T08:20:51","modified_gmt":"2025-09-09T14:20:51","slug":"habitaciones-privadas","status":"publish","type":"page","link":"https:\/\/roatanwestenddiveresort.com\/es\/habitaciones\/habitaciones-privadas\/","title":{"rendered":"Habitaciones Estandard"},"content":{"rendered":"<p>[et_pb_section fb_built=\u00bb1&#8243; _builder_version=\u00bb4.19.1&#8243; custom_padding=\u00bb40px|0px|0px|0px|false|false\u00bb locked=\u00bboff\u00bb global_colors_info=\u00bb{}\u00bb][et_pb_row _builder_version=\u00bb4.19.1&#8243; width=\u00bb101%\u00bb max_width=\u00bb1280px\u00bb custom_margin=\u00bb0px||0px||true|false\u00bb custom_padding=\u00bb0px||0px||true|false\u00bb global_colors_info=\u00bb{}\u00bb][et_pb_column type=\u00bb4_4&#8243; _builder_version=\u00bb4.16&#8243; custom_padding=\u00bb|||\u00bb global_colors_info=\u00bb{}\u00bb custom_padding__hover=\u00bb|||\u00bb][et_pb_text _builder_version=\u00bb4.27.0&#8243; text_font=\u00bbABeeZee||||||||\u00bb text_font_size=\u00bb17px\u00bb header_font=\u00bbABeeZee||||||||\u00bb global_colors_info=\u00bb{}\u00bb]<\/p>\n<p>Nuestras habitaciones est\u00e1ndar ofrecen c\u00f3modas camas tama\u00f1o queen, aire acondicionado, TV por cable, wi-fi gratuito y ducha de agua caliente.<\/p>\n<p>[\/et_pb_text][dsm_card title=\u00bbHabitaci\u00f3n Est\u00e1ndar\u00bb layout=\u00bbinline\u00bb image=\u00bbhttps:\/\/roatanwestenddiveresort.com\/wp-content\/uploads\/2022\/11\/west-end-dive-resort-room-2022.jpg\u00bb image_background_height=\u00bb400px\u00bb badge_text=\u00bbfrom $69&#8243; badge_background_color=\u00bb#d37e00&#8243; button_text=\u00bbReserva Ahora\u00bb button_url=\u00bbhttps:\/\/app.thebookingbutton.com\/properties\/WestEndDiveResortDirect\u00bb button_url_new_window=\u00bb1&#8243; layout_tablet=\u00bbinline\u00bb layout_phone=\u00bbstacked\u00bb layout_last_edited=\u00bbon|desktop\u00bb image_background_height_tablet=\u00bb430px\u00bb image_background_height_phone=\u00bb230px\u00bb image_background_height_last_edited=\u00bbon|tablet\u00bb content_padding_tablet=\u00bb\u00bb content_padding_phone=\u00bb\u00bb content_padding_last_edited=\u00bbon|desktop\u00bb _builder_version=\u00bb4.21.0&#8243; _module_preset=\u00bbdefault\u00bb badge_font=\u00bb|600|||||||\u00bb badge_text_color=\u00bb#FFFFFF\u00bb badge_font_size=\u00bb14px\u00bb header_font=\u00bb|700|||||||\u00bb header_font_size=\u00bb28px\u00bb body_font_size=\u00bb18px\u00bb background_color=\u00bbrgba(239,239,239,0.68)\u00bb background_enable_pattern_style=\u00bbon\u00bb background_pattern_style=\u00bbwaves\u00bb background_pattern_color=\u00bb#f7f7f7&#8243; background_pattern_size=\u00bbcustom\u00bb background_pattern_width=\u00bb58px\u00bb custom_button=\u00bbon\u00bb button_text_size=\u00bb18px\u00bb button_text_color=\u00bb#3f3f3f\u00bb button_bg_color=\u00bb#FFFFFF\u00bb button_border_width=\u00bb0px\u00bb button_border_color=\u00bb#0C71C3&#8243; button_border_radius=\u00bb6px\u00bb button_font=\u00bb||||||||\u00bb button_alignment=\u00bbright\u00bb border_radii=\u00bbon|11px|11px|11px|11px\u00bb box_shadow_style_button=\u00bbpreset3&#8243; box_shadow_color_button=\u00bbrgba(0,0,0,0.18)\u00bb global_colors_info=\u00bb{}\u00bb]<strong>\u00b7 1 Cama Matrimonial \/ 1 o 2 personas<\/strong><\/p>\n<p>\u00b7 Desayuno Incluido<br \/>\u00b7 Aire Acondicionado<br \/>\u00b7 Ventilador de Techo<br \/>\u00b7 Televisi\u00f3n V\u00eda Cable<br \/>\u00b7 Vista al Patio<br \/>\u00b7 Wifi[\/dsm_card][\/et_pb_column][\/et_pb_row][\/et_pb_section]<\/p>\n","protected":false},"excerpt":{"rendered":"<p>Nuestras habitaciones est\u00e1ndar ofrecen c\u00f3modas camas tama\u00f1o queen, aire acondicionado, TV por cable, wi-fi gratuito y ducha de agua caliente.<div class=\"et_pb_module dsm_card dsm_card_0 et_pb_bg_layout_light  dsm_card_layout_inline dsm_card_phone_layout_stacked\">\n\t\t\t\t\n\t\t\t\t\n\t\t\t\t\n\t\t\t\t\n\t\t\t\t<span class=\"et_pb_background_pattern\"><\/span>\n\t\t\t\t\n\t\t\t\t<div class=\"et_pb_module_inner\">\n\t\t\t\t\t\n\t\t\t\n\t\t\t<figure class=\"dsm_card_image_wrapper dsm_card_badge_top_right\"><div class=\"dsm_card_image_background dsm_card_img\"><\/div><div class=\"dsm_card_badge_text\">from $69<\/div><\/figure>\n\t\t\t<div class=\"et_pb_module dsm_card_wrapper et_pb_text_align_left\">\n\t\t\t\t\t\n\t\t\t\t\t<h4 class=\"dsm_card_title et_pb_module_header\">Habitaci\u00f3n Est\u00e1ndar<\/h4>\n\t\t\t\t\t\n\t\t\t\t\t<div class=\"dsm_card_description\">\u00b7 1 Cama Matrimonial \/ 1 o 2 personas\u00b7 Desayuno Incluido\u00b7 Aire Acondicionado\u00b7 Ventilador de Techo\u00b7 Televisi\u00f3n V\u00eda Cable\u00b7 Vista al Patio\u00b7 Wifi<\/div>\n\t\t\t\t\t<div class=\"et_pb_button_wrapper\"><a class=\"et_pb_button et_pb_more_button \" href=\"https:\/\/app.thebookingbutton.com\/properties\/WestEndDiveResortDirect\">Reserva Ahora<\/a><\/div>\n\t\t\t\t<\/div>\n\t\t\t\n\t\t\t\t<\/div>\n\t\t\t<\/div><\/p>\n","protected":false},"author":2,"featured_media":0,"parent":578,"menu_order":0,"comment_status":"closed","ping_status":"closed","template":"","meta":{"_et_pb_use_builder":"on","_et_pb_old_content":"","_et_gb_content_width":"","_joinchat":[],"footnotes":""},"class_list":["post-584","page","type-page","status-publish","hentry"],"yoast_head":"<!-- This site is optimized with the Yoast SEO plugin v27.4 - https:\/\/yoast.com\/product\/yoast-seo-wordpress\/ -->\n<title>Habitaciones Estandard - West End Dive Resort<\/title>\n<meta name=\"robots\" content=\"index, follow, max-snippet:-1, max-image-preview:large, max-video-preview:-1\" \/>\n<link rel=\"canonical\" href=\"https:\/\/roatanwestenddiveresort.com\/es\/habitaciones\/habitaciones-privadas\/\" \/>\n<meta property=\"og:locale\" content=\"es_ES\" \/>\n<meta property=\"og:type\" content=\"article\" \/>\n<meta property=\"og:title\" content=\"Habitaciones Estandard - West End Dive Resort\" \/>\n<meta property=\"og:description\" content=\"Nuestras habitaciones est\u00e1ndar ofrecen c\u00f3modas camas tama\u00f1o queen, aire acondicionado, TV por cable, wi-fi gratuito y ducha de agua caliente.\" \/>\n<meta property=\"og:url\" content=\"https:\/\/roatanwestenddiveresort.com\/es\/habitaciones\/habitaciones-privadas\/\" \/>\n<meta property=\"og:site_name\" content=\"West End Dive Resort\" \/>\n<meta property=\"article:modified_time\" content=\"2025-09-09T14:20:51+00:00\" \/>\n<meta name=\"twitter:card\" content=\"summary_large_image\" \/>\n<meta name=\"twitter:label1\" content=\"Tiempo de lectura\" \/>\n\t<meta name=\"twitter:data1\" content=\"2 minutos\" \/>\n<script type=\"application\/ld+json\" class=\"yoast-schema-graph\">{\"@context\":\"https:\\\/\\\/schema.org\",\"@graph\":[{\"@type\":\"WebPage\",\"@id\":\"https:\\\/\\\/roatanwestenddiveresort.com\\\/es\\\/habitaciones\\\/habitaciones-privadas\\\/\",\"url\":\"https:\\\/\\\/roatanwestenddiveresort.com\\\/es\\\/habitaciones\\\/habitaciones-privadas\\\/\",\"name\":\"Habitaciones Estandard - West End Dive Resort\",\"isPartOf\":{\"@id\":\"https:\\\/\\\/roatanwestenddiveresort.com\\\/es\\\/#website\"},\"datePublished\":\"2019-04-11T17:51:55+00:00\",\"dateModified\":\"2025-09-09T14:20:51+00:00\",\"breadcrumb\":{\"@id\":\"https:\\\/\\\/roatanwestenddiveresort.com\\\/es\\\/habitaciones\\\/habitaciones-privadas\\\/#breadcrumb\"},\"inLanguage\":\"es\",\"potentialAction\":[{\"@type\":\"ReadAction\",\"target\":[\"https:\\\/\\\/roatanwestenddiveresort.com\\\/es\\\/habitaciones\\\/habitaciones-privadas\\\/\"]}]},{\"@type\":\"BreadcrumbList\",\"@id\":\"https:\\\/\\\/roatanwestenddiveresort.com\\\/es\\\/habitaciones\\\/habitaciones-privadas\\\/#breadcrumb\",\"itemListElement\":[{\"@type\":\"ListItem\",\"position\":1,\"name\":\"Home\",\"item\":\"https:\\\/\\\/roatanwestenddiveresort.com\\\/es\\\/\"},{\"@type\":\"ListItem\",\"position\":2,\"name\":\"Habitaciones\",\"item\":\"https:\\\/\\\/roatanwestenddiveresort.com\\\/es\\\/rooms\\\/\"},{\"@type\":\"ListItem\",\"position\":3,\"name\":\"Habitaciones Estandard\"}]},{\"@type\":\"WebSite\",\"@id\":\"https:\\\/\\\/roatanwestenddiveresort.com\\\/es\\\/#website\",\"url\":\"https:\\\/\\\/roatanwestenddiveresort.com\\\/es\\\/\",\"name\":\"West End Dive Resort\",\"description\":\"Roatan, Bay Islands, Honduras\",\"potentialAction\":[{\"@type\":\"SearchAction\",\"target\":{\"@type\":\"EntryPoint\",\"urlTemplate\":\"https:\\\/\\\/roatanwestenddiveresort.com\\\/es\\\/?s={search_term_string}\"},\"query-input\":{\"@type\":\"PropertyValueSpecification\",\"valueRequired\":true,\"valueName\":\"search_term_string\"}}],\"inLanguage\":\"es\"}]}<\/script>\n<!-- \/ Yoast SEO plugin. -->","yoast_head_json":{"title":"Habitaciones Estandard - West End Dive Resort","robots":{"index":"index","follow":"follow","max-snippet":"max-snippet:-1","max-image-preview":"max-image-preview:large","max-video-preview":"max-video-preview:-1"},"canonical":"https:\/\/roatanwestenddiveresort.com\/es\/habitaciones\/habitaciones-privadas\/","og_locale":"es_ES","og_type":"article","og_title":"Habitaciones Estandard - West End Dive Resort","og_description":"Nuestras habitaciones est\u00e1ndar ofrecen c\u00f3modas camas tama\u00f1o queen, aire acondicionado, TV por cable, wi-fi gratuito y ducha de agua caliente.","og_url":"https:\/\/roatanwestenddiveresort.com\/es\/habitaciones\/habitaciones-privadas\/","og_site_name":"West End Dive Resort","article_modified_time":"2025-09-09T14:20:51+00:00","twitter_card":"summary_large_image","twitter_misc":{"Tiempo de lectura":"2 minutos"},"schema":{"@context":"https:\/\/schema.org","@graph":[{"@type":"WebPage","@id":"https:\/\/roatanwestenddiveresort.com\/es\/habitaciones\/habitaciones-privadas\/","url":"https:\/\/roatanwestenddiveresort.com\/es\/habitaciones\/habitaciones-privadas\/","name":"Habitaciones Estandard - West End Dive Resort","isPartOf":{"@id":"https:\/\/roatanwestenddiveresort.com\/es\/#website"},"datePublished":"2019-04-11T17:51:55+00:00","dateModified":"2025-09-09T14:20:51+00:00","breadcrumb":{"@id":"https:\/\/roatanwestenddiveresort.com\/es\/habitaciones\/habitaciones-privadas\/#breadcrumb"},"inLanguage":"es","potentialAction":[{"@type":"ReadAction","target":["https:\/\/roatanwestenddiveresort.com\/es\/habitaciones\/habitaciones-privadas\/"]}]},{"@type":"BreadcrumbList","@id":"https:\/\/roatanwestenddiveresort.com\/es\/habitaciones\/habitaciones-privadas\/#breadcrumb","itemListElement":[{"@type":"ListItem","position":1,"name":"Home","item":"https:\/\/roatanwestenddiveresort.com\/es\/"},{"@type":"ListItem","position":2,"name":"Habitaciones","item":"https:\/\/roatanwestenddiveresort.com\/es\/rooms\/"},{"@type":"ListItem","position":3,"name":"Habitaciones Estandard"}]},{"@type":"WebSite","@id":"https:\/\/roatanwestenddiveresort.com\/es\/#website","url":"https:\/\/roatanwestenddiveresort.com\/es\/","name":"West End Dive Resort","description":"Roatan, Bay Islands, Honduras","potentialAction":[{"@type":"SearchAction","target":{"@type":"EntryPoint","urlTemplate":"https:\/\/roatanwestenddiveresort.com\/es\/?s={search_term_string}"},"query-input":{"@type":"PropertyValueSpecification","valueRequired":true,"valueName":"search_term_string"}}],"inLanguage":"es"}]}},"_links":{"self":[{"href":"https:\/\/roatanwestenddiveresort.com\/es\/wp-json\/wp\/v2\/pages\/584","targetHints":{"allow":["GET"]}}],"collection":[{"href":"https:\/\/roatanwestenddiveresort.com\/es\/wp-json\/wp\/v2\/pages"}],"about":[{"href":"https:\/\/roatanwestenddiveresort.com\/es\/wp-json\/wp\/v2\/types\/page"}],"author":[{"embeddable":true,"href":"https:\/\/roatanwestenddiveresort.com\/es\/wp-json\/wp\/v2\/users\/2"}],"replies":[{"embeddable":true,"href":"https:\/\/roatanwestenddiveresort.com\/es\/wp-json\/wp\/v2\/comments?post=584"}],"version-history":[{"count":25,"href":"https:\/\/roatanwestenddiveresort.com\/es\/wp-json\/wp\/v2\/pages\/584\/revisions"}],"predecessor-version":[{"id":1399,"href":"https:\/\/roatanwestenddiveresort.com\/es\/wp-json\/wp\/v2\/pages\/584\/revisions\/1399"}],"up":[{"embeddable":true,"href":"https:\/\/roatanwestenddiveresort.com\/es\/wp-json\/wp\/v2\/pages\/578"}],"wp:attachment":[{"href":"https:\/\/roatanwestenddiveresort.com\/es\/wp-json\/wp\/v2\/media?parent=584"}],"curies":[{"name":"wp","href":"https:\/\/api.w.org\/{rel}","templated":true}]}}